{"id":18,"date":"2020-11-09T17:06:26","date_gmt":"2020-11-09T17:06:26","guid":{"rendered":"https:\/\/isouthamerica.com\/es\/?page_id=18"},"modified":"2020-11-09T17:06:28","modified_gmt":"2020-11-09T17:06:28","slug":"transfer-cruceros-rio-de-janeiro-terminal-pier-maua","status":"publish","type":"page","link":"https:\/\/isouthamerica.com\/es\/transfer-cruceros-rio-de-janeiro-terminal-pier-maua\/","title":{"rendered":"Translados Puerto de Cruceros Rio de Janeiro"},"content":{"rendered":"\n<p>Traslados Puerto de Cruceros (Pier Mau\u00e1). Servicio privado puerta-puerta a Aeropuertos, Hoteles y Apartamentos de la Ciudad. Transfer Cruceros Rio de Janeiro.<\/p>\n\n\n\n<figure class=\"wp-block-image alignfull size-large\"><img data-recalc-dims=\"1\" loading=\"lazy\" decoding=\"async\" width=\"1024\" height=\"378\" src=\"https:\/\/i0.wp.com\/isouthamerica.com\/es\/wp-content\/uploads\/2020\/11\/rio-de-janeiro-shore-excursions-1024x378.jpg?resize=1024%2C378&#038;ssl=1\" alt=\"Transfer Cruceros Rio de Janeiro\" class=\"wp-image-19\" srcset=\"https:\/\/i0.wp.com\/isouthamerica.com\/es\/wp-content\/uploads\/2020\/11\/rio-de-janeiro-shore-excursions.jpg?resize=1024%2C378&amp;ssl=1 1024w, https:\/\/i0.wp.com\/isouthamerica.com\/es\/wp-content\/uploads\/2020\/11\/rio-de-janeiro-shore-excursions.jpg?resize=300%2C111&amp;ssl=1 300w, https:\/\/i0.wp.com\/isouthamerica.com\/es\/wp-content\/uploads\/2020\/11\/rio-de-janeiro-shore-excursions.jpg?resize=768%2C284&amp;ssl=1 768w, https:\/\/i0.wp.com\/isouthamerica.com\/es\/wp-content\/uploads\/2020\/11\/rio-de-janeiro-shore-excursions.jpg?resize=1536%2C568&amp;ssl=1 1536w, https:\/\/i0.wp.com\/isouthamerica.com\/es\/wp-content\/uploads\/2020\/11\/rio-de-janeiro-shore-excursions.jpg?w=1900&amp;ssl=1 1900w\" sizes=\"auto, (max-width: 1024px) 100vw, 1024px\" \/><\/figure>\n\n\n\n<p><\/p>\n\n\n\n<div class=\"wp-block-image\"><figure class=\"aligncenter size-large\"><img data-recalc-dims=\"1\" loading=\"lazy\" decoding=\"async\" width=\"1000\" height=\"285\" src=\"https:\/\/i0.wp.com\/isouthamerica.com\/es\/wp-content\/uploads\/2020\/11\/traslados-aeropuerto-privado.jpg?resize=1000%2C285&#038;ssl=1\" alt=\"Traslados Puerto de Cruceros Rio de Janeiro\" class=\"wp-image-13\" srcset=\"https:\/\/i0.wp.com\/isouthamerica.com\/es\/wp-content\/uploads\/2020\/11\/traslados-aeropuerto-privado.jpg?w=1000&amp;ssl=1 1000w, https:\/\/i0.wp.com\/isouthamerica.com\/es\/wp-content\/uploads\/2020\/11\/traslados-aeropuerto-privado.jpg?resize=300%2C86&amp;ssl=1 300w, https:\/\/i0.wp.com\/isouthamerica.com\/es\/wp-content\/uploads\/2020\/11\/traslados-aeropuerto-privado.jpg?resize=768%2C219&amp;ssl=1 768w\" sizes=\"auto, (max-width: 1000px) 100vw, 1000px\" \/><\/figure><\/div>\n\n\n\n<div class=\"wp-block-image\"><figure class=\"aligncenter size-large\"><img data-recalc-dims=\"1\" loading=\"lazy\" decoding=\"async\" width=\"1000\" height=\"362\" src=\"https:\/\/i0.wp.com\/isouthamerica.com\/es\/wp-content\/uploads\/2020\/11\/transfer-aeropuerto-privado.jpg?resize=1000%2C362&#038;ssl=1\" alt=\"Traslados Puerto de Cruceros Rio de Janeiro Pier Maua\" class=\"wp-image-15\" srcset=\"https:\/\/i0.wp.com\/isouthamerica.com\/es\/wp-content\/uploads\/2020\/11\/transfer-aeropuerto-privado.jpg?w=1000&amp;ssl=1 1000w, https:\/\/i0.wp.com\/isouthamerica.com\/es\/wp-content\/uploads\/2020\/11\/transfer-aeropuerto-privado.jpg?resize=300%2C109&amp;ssl=1 300w, https:\/\/i0.wp.com\/isouthamerica.com\/es\/wp-content\/uploads\/2020\/11\/transfer-aeropuerto-privado.jpg?resize=768%2C278&amp;ssl=1 768w\" sizes=\"auto, (max-width: 1000px) 100vw, 1000px\" \/><\/figure><\/div>\n\n\n\n<div class=\"wp-block-image\"><figure class=\"aligncenter size-large\"><img data-recalc-dims=\"1\" height=\"158\" width=\"1024\" decoding=\"async\" src=\"https:\/\/i0.wp.com\/isouthamerica.com\/es\/wp-content\/uploads\/2020\/11\/aeropuerto-crucero.jpg?resize=1024%2C158&#038;ssl=1\" alt=\"\"\/><\/figure><\/div>\n\n\n\n<div class=\"wp-block-image\"><figure class=\"aligncenter size-large\"><img data-recalc-dims=\"1\" height=\"158\" width=\"1024\" decoding=\"async\" src=\"https:\/\/i0.wp.com\/isouthamerica.com\/es\/wp-content\/uploads\/2020\/11\/crucero-aeropuerto.jpg?resize=1024%2C158&#038;ssl=1\" alt=\"\"\/><\/figure><\/div>\n\n\n\n<div class=\"wp-block-image\"><figure class=\"aligncenter size-large\"><img data-recalc-dims=\"1\" height=\"157\" width=\"1024\" decoding=\"async\" src=\"https:\/\/i0.wp.com\/isouthamerica.com\/es\/wp-content\/uploads\/2020\/11\/crucero-hotel.jpg?resize=1024%2C157&#038;ssl=1\" alt=\"\"\/><\/figure><\/div>\n\n\n\n<div class=\"wp-block-image\"><figure class=\"aligncenter size-large\"><img data-recalc-dims=\"1\" loading=\"lazy\" decoding=\"async\" width=\"1024\" height=\"158\" src=\"https:\/\/i0.wp.com\/isouthamerica.com\/es\/wp-content\/uploads\/2020\/11\/hotel-crucero.jpg?resize=1024%2C158&#038;ssl=1\" alt=\"\" class=\"wp-image-20\" srcset=\"https:\/\/i0.wp.com\/isouthamerica.com\/es\/wp-content\/uploads\/2020\/11\/hotel-crucero.jpg?resize=1024%2C158&amp;ssl=1 1024w, https:\/\/i0.wp.com\/isouthamerica.com\/es\/wp-content\/uploads\/2020\/11\/hotel-crucero.jpg?resize=300%2C46&amp;ssl=1 300w, https:\/\/i0.wp.com\/isouthamerica.com\/es\/wp-content\/uploads\/2020\/11\/hotel-crucero.jpg?resize=768%2C119&amp;ssl=1 768w, https:\/\/i0.wp.com\/isouthamerica.com\/es\/wp-content\/uploads\/2020\/11\/hotel-crucero.jpg?w=1060&amp;ssl=1 1060w\" sizes=\"auto, (max-width: 1024px) 100vw, 1024px\" \/><\/figure><\/div>\n\n\n\n<p><\/p>\n\n\n\n<h2 class=\"wp-block-heading\"><strong>Servicio en Puerto de Cruceros de Rio de Janeiro (Piera Maua)<\/strong><\/h2>\n\n\n\n<p>Disponibilidad las 24 horas del d\u00eda, los siete d\u00edas de la semana.<br>Transporte puerta a puerta.<br>Servicio privado, no compartido con otros pasajeros.<br>Veh\u00edculos ejecutivos con aire acondicionado.<br>Tarifa fija, no se cobra nada a su llegada llegada.<br>Servicio respectivo (letrero con su nombre)<br>Atenci\u00f3n personalizada para eventos, reuniones de ejecutivos.<\/p>\n\n\n\n<h2 class=\"wp-block-heading\"><strong>Transfer Cruceros Rio de Janeiro desde \/ hacia<\/strong><\/h2>\n\n\n\n<p><a href=\"https:\/\/www.airporttransfersrio.com\/es\/traslados-terminal-cruceros-rio-de-janeiro.htm\">Servicio completo en Puerto de Cruceros<\/a><br><a href=\"https:\/\/isouthamerica.com\/es\/traslados-aeropuerto-rio-de-janeiro\/\">Traslados desde \/ hacia Aeropuerto Internacional (Galeao \u2013 GIG \u2013 Tom Jobim)<\/a><br>Servicio desde \/ hacia Aeropuerto Nacional (Santos Dumont SDU)<br>TRaslados hacia Hoteles y Apartamentos privados<br>Transporte entre aeropuertos (conexi\u00f3n de vuelos)<\/p>\n\n\n\n<hr class=\"wp-block-separator\"\/>\n\n\n\n<h2 class=\"has-text-align-center wp-block-heading\">Preguntas frecuentes<\/h2>\n\n\n\n<ul class=\"wp-block-list\"><li>\u00bfC\u00f3mo encuentro al chofer en el Puerto de Cruceros on en el aeropuerto? El conductor lo estar\u00e1 esperando con un letrero exhibiendo con su nombre. Estar\u00e1 en el hall de arribos, justo despu\u00e9s de pasar por la aduana, muy f\u00e1cil de encontrar.<\/li><li>Cuando me dirijo al Puerto de Cruceros. \u00bfA qu\u00e9 hora me recoger\u00e1 el conductor? El horario es elegido por usted, se trata de un servicio privado<\/li><li>\u00bfQu\u00e9 sucede si hay un retraso en mi vuelo? Realizaremos un seguimiento online del estado de su vuelo, si hay un retraso, el conductor esperar\u00e1. Si pierde su avi\u00f3n y aborda un nuevo vuelo con un n\u00famero diferente, cont\u00e1ctenos.<\/li><li>\u00bfCu\u00e1nto tiempo se tarda en ir desde el Puerto de Cruceros al Aeropuerto? Puede demorar 1 hora hasta el aeropuerto internacional GIG. Sugerimos considerar un m\u00ednimo de 3 horas para conectar su vuelo con su crucero.<\/li><li>\u00bfPuedo utilizar este servicio para ir a la ciudad vecina de R\u00edo de Janeiro? S\u00ed, podemos proporcionar traslados a Buzios, Cabo Frio, Arraial do Cabo, Angra dos Reis, Club Med Rio das Pedras, Paraty, Petropolis, Niteroi, Macae y m\u00e1s.<\/li><\/ul>\n","protected":false},"excerpt":{"rendered":"<p>Traslados Puerto de Cruceros (Pier Mau\u00e1). Servicio privado puerta-puerta a Aeropuertos, Hoteles y Apartamentos de la Ciudad. Transfer Cruceros Rio de Janeiro. Servicio en Puerto de Cruceros de Rio de Janeiro (Piera Maua) Disponibilidad las 24 horas del d\u00eda, los siete d\u00edas de la semana.Transporte puerta a puerta.Servicio privado, no compartido con otros pasajeros.Veh\u00edculos ejecutivos &#8230; <a title=\"Translados Puerto de Cruceros Rio de Janeiro\" class=\"read-more\" href=\"https:\/\/isouthamerica.com\/es\/transfer-cruceros-rio-de-janeiro-terminal-pier-maua\/\" aria-label=\"Leer m\u00e1s sobre Translados Puerto de Cruceros Rio de Janeiro\">Leer m\u00e1s<\/a><\/p>\n","protected":false},"author":1,"featured_media":0,"parent":0,"menu_order":0,"comment_status":"closed","ping_status":"closed","template":"","meta":{"footnotes":""},"class_list":["post-18","page","type-page","status-publish"],"yoast_head":"<!-- This site is optimized with the Yoast SEO plugin v27.4 - https:\/\/yoast.com\/product\/yoast-seo-wordpress\/ -->\n<title>Transfer Cruceros Rio de Janeiro - Servicio Porvado en Puerto - Pier Maua<\/title>\n<meta name=\"description\" content=\"Traslados Privados Terminal Crcuceros, Pier Maua. Autos, Vans, MINISBUSES. Servicio a Hoteles y Aeropuertos. Transfer Cruceros Rio de Janeiro.\" \/>\n<meta name=\"robots\" content=\"index, follow, max-snippet:-1, max-image-preview:large, max-video-preview:-1\" \/>\n<link rel=\"canonical\" href=\"https:\/\/isouthamerica.com\/es\/transfer-cruceros-rio-de-janeiro-terminal-pier-maua\/\" \/>\n<meta property=\"og:locale\" content=\"es_ES\" \/>\n<meta property=\"og:type\" content=\"article\" \/>\n<meta property=\"og:title\" content=\"Transfer Cruceros Rio de Janeiro - Servicio Porvado en Puerto - Pier Maua\" \/>\n<meta property=\"og:description\" content=\"Traslados Privados Terminal Crcuceros, Pier Maua. Autos, Vans, MINISBUSES. Servicio a Hoteles y Aeropuertos. Transfer Cruceros Rio de Janeiro.\" \/>\n<meta property=\"og:url\" content=\"https:\/\/isouthamerica.com\/es\/transfer-cruceros-rio-de-janeiro-terminal-pier-maua\/\" \/>\n<meta property=\"og:site_name\" content=\"iSouthAmerica.com\" \/>\n<meta property=\"article:modified_time\" content=\"2020-11-09T17:06:28+00:00\" \/>\n<meta property=\"og:image\" content=\"https:\/\/isouthamerica.com\/es\/wp-content\/uploads\/2020\/11\/rio-de-janeiro-shore-excursions-1024x378.jpg\" \/>\n<meta name=\"twitter:card\" content=\"summary_large_image\" \/>\n<meta name=\"twitter:label1\" content=\"Tiempo de lectura\" \/>\n\t<meta name=\"twitter:data1\" content=\"2 minutos\" \/>\n<script type=\"application\/ld+json\" class=\"yoast-schema-graph\">{\"@context\":\"https:\\\/\\\/schema.org\",\"@graph\":[{\"@type\":\"WebPage\",\"@id\":\"https:\\\/\\\/isouthamerica.com\\\/es\\\/transfer-cruceros-rio-de-janeiro-terminal-pier-maua\\\/\",\"url\":\"https:\\\/\\\/isouthamerica.com\\\/es\\\/transfer-cruceros-rio-de-janeiro-terminal-pier-maua\\\/\",\"name\":\"Transfer Cruceros Rio de Janeiro - Servicio Porvado en Puerto - Pier Maua\",\"isPartOf\":{\"@id\":\"https:\\\/\\\/isouthamerica.com\\\/es\\\/#website\"},\"primaryImageOfPage\":{\"@id\":\"https:\\\/\\\/isouthamerica.com\\\/es\\\/transfer-cruceros-rio-de-janeiro-terminal-pier-maua\\\/#primaryimage\"},\"image\":{\"@id\":\"https:\\\/\\\/isouthamerica.com\\\/es\\\/transfer-cruceros-rio-de-janeiro-terminal-pier-maua\\\/#primaryimage\"},\"thumbnailUrl\":\"https:\\\/\\\/isouthamerica.com\\\/es\\\/wp-content\\\/uploads\\\/2020\\\/11\\\/rio-de-janeiro-shore-excursions-1024x378.jpg\",\"datePublished\":\"2020-11-09T17:06:26+00:00\",\"dateModified\":\"2020-11-09T17:06:28+00:00\",\"description\":\"Traslados Privados Terminal Crcuceros, Pier Maua. Autos, Vans, MINISBUSES. Servicio a Hoteles y Aeropuertos. Transfer Cruceros Rio de Janeiro.\",\"breadcrumb\":{\"@id\":\"https:\\\/\\\/isouthamerica.com\\\/es\\\/transfer-cruceros-rio-de-janeiro-terminal-pier-maua\\\/#breadcrumb\"},\"inLanguage\":\"es\",\"potentialAction\":[{\"@type\":\"ReadAction\",\"target\":[\"https:\\\/\\\/isouthamerica.com\\\/es\\\/transfer-cruceros-rio-de-janeiro-terminal-pier-maua\\\/\"]}]},{\"@type\":\"ImageObject\",\"inLanguage\":\"es\",\"@id\":\"https:\\\/\\\/isouthamerica.com\\\/es\\\/transfer-cruceros-rio-de-janeiro-terminal-pier-maua\\\/#primaryimage\",\"url\":\"https:\\\/\\\/i0.wp.com\\\/isouthamerica.com\\\/es\\\/wp-content\\\/uploads\\\/2020\\\/11\\\/rio-de-janeiro-shore-excursions.jpg?fit=1900%2C702&ssl=1\",\"contentUrl\":\"https:\\\/\\\/i0.wp.com\\\/isouthamerica.com\\\/es\\\/wp-content\\\/uploads\\\/2020\\\/11\\\/rio-de-janeiro-shore-excursions.jpg?fit=1900%2C702&ssl=1\",\"width\":1900,\"height\":702},{\"@type\":\"BreadcrumbList\",\"@id\":\"https:\\\/\\\/isouthamerica.com\\\/es\\\/transfer-cruceros-rio-de-janeiro-terminal-pier-maua\\\/#breadcrumb\",\"itemListElement\":[{\"@type\":\"ListItem\",\"position\":1,\"name\":\"Home\",\"item\":\"https:\\\/\\\/isouthamerica.com\\\/es\\\/\"},{\"@type\":\"ListItem\",\"position\":2,\"name\":\"Translados Puerto de Cruceros Rio de Janeiro\"}]},{\"@type\":\"WebSite\",\"@id\":\"https:\\\/\\\/isouthamerica.com\\\/es\\\/#website\",\"url\":\"https:\\\/\\\/isouthamerica.com\\\/es\\\/\",\"name\":\"iSouthAmerica.com\",\"description\":\"Transfers &amp; Tours en Brasil\",\"publisher\":{\"@id\":\"https:\\\/\\\/isouthamerica.com\\\/es\\\/#organization\"},\"potentialAction\":[{\"@type\":\"SearchAction\",\"target\":{\"@type\":\"EntryPoint\",\"urlTemplate\":\"https:\\\/\\\/isouthamerica.com\\\/es\\\/?s={search_term_string}\"},\"query-input\":{\"@type\":\"PropertyValueSpecification\",\"valueRequired\":true,\"valueName\":\"search_term_string\"}}],\"inLanguage\":\"es\"},{\"@type\":\"Organization\",\"@id\":\"https:\\\/\\\/isouthamerica.com\\\/es\\\/#organization\",\"name\":\"iSouthAmerica.com\",\"url\":\"https:\\\/\\\/isouthamerica.com\\\/es\\\/\",\"logo\":{\"@type\":\"ImageObject\",\"inLanguage\":\"es\",\"@id\":\"https:\\\/\\\/isouthamerica.com\\\/es\\\/#\\\/schema\\\/logo\\\/image\\\/\",\"url\":\"https:\\\/\\\/i0.wp.com\\\/isouthamerica.com\\\/es\\\/wp-content\\\/uploads\\\/2024\\\/05\\\/cropped-cropped-isa-home0-2.jpg?fit=955%2C231&ssl=1\",\"contentUrl\":\"https:\\\/\\\/i0.wp.com\\\/isouthamerica.com\\\/es\\\/wp-content\\\/uploads\\\/2024\\\/05\\\/cropped-cropped-isa-home0-2.jpg?fit=955%2C231&ssl=1\",\"width\":955,\"height\":231,\"caption\":\"iSouthAmerica.com\"},\"image\":{\"@id\":\"https:\\\/\\\/isouthamerica.com\\\/es\\\/#\\\/schema\\\/logo\\\/image\\\/\"}}]}<\/script>\n<!-- \/ Yoast SEO plugin. -->","yoast_head_json":{"title":"Transfer Cruceros Rio de Janeiro - Servicio Porvado en Puerto - Pier Maua","description":"Traslados Privados Terminal Crcuceros, Pier Maua. Autos, Vans, MINISBUSES. Servicio a Hoteles y Aeropuertos. Transfer Cruceros Rio de Janeiro.","robots":{"index":"index","follow":"follow","max-snippet":"max-snippet:-1","max-image-preview":"max-image-preview:large","max-video-preview":"max-video-preview:-1"},"canonical":"https:\/\/isouthamerica.com\/es\/transfer-cruceros-rio-de-janeiro-terminal-pier-maua\/","og_locale":"es_ES","og_type":"article","og_title":"Transfer Cruceros Rio de Janeiro - Servicio Porvado en Puerto - Pier Maua","og_description":"Traslados Privados Terminal Crcuceros, Pier Maua. Autos, Vans, MINISBUSES. Servicio a Hoteles y Aeropuertos. Transfer Cruceros Rio de Janeiro.","og_url":"https:\/\/isouthamerica.com\/es\/transfer-cruceros-rio-de-janeiro-terminal-pier-maua\/","og_site_name":"iSouthAmerica.com","article_modified_time":"2020-11-09T17:06:28+00:00","og_image":[{"url":"https:\/\/isouthamerica.com\/es\/wp-content\/uploads\/2020\/11\/rio-de-janeiro-shore-excursions-1024x378.jpg","type":"","width":"","height":""}],"twitter_card":"summary_large_image","twitter_misc":{"Tiempo de lectura":"2 minutos"},"schema":{"@context":"https:\/\/schema.org","@graph":[{"@type":"WebPage","@id":"https:\/\/isouthamerica.com\/es\/transfer-cruceros-rio-de-janeiro-terminal-pier-maua\/","url":"https:\/\/isouthamerica.com\/es\/transfer-cruceros-rio-de-janeiro-terminal-pier-maua\/","name":"Transfer Cruceros Rio de Janeiro - Servicio Porvado en Puerto - Pier Maua","isPartOf":{"@id":"https:\/\/isouthamerica.com\/es\/#website"},"primaryImageOfPage":{"@id":"https:\/\/isouthamerica.com\/es\/transfer-cruceros-rio-de-janeiro-terminal-pier-maua\/#primaryimage"},"image":{"@id":"https:\/\/isouthamerica.com\/es\/transfer-cruceros-rio-de-janeiro-terminal-pier-maua\/#primaryimage"},"thumbnailUrl":"https:\/\/isouthamerica.com\/es\/wp-content\/uploads\/2020\/11\/rio-de-janeiro-shore-excursions-1024x378.jpg","datePublished":"2020-11-09T17:06:26+00:00","dateModified":"2020-11-09T17:06:28+00:00","description":"Traslados Privados Terminal Crcuceros, Pier Maua. Autos, Vans, MINISBUSES. Servicio a Hoteles y Aeropuertos. Transfer Cruceros Rio de Janeiro.","breadcrumb":{"@id":"https:\/\/isouthamerica.com\/es\/transfer-cruceros-rio-de-janeiro-terminal-pier-maua\/#breadcrumb"},"inLanguage":"es","potentialAction":[{"@type":"ReadAction","target":["https:\/\/isouthamerica.com\/es\/transfer-cruceros-rio-de-janeiro-terminal-pier-maua\/"]}]},{"@type":"ImageObject","inLanguage":"es","@id":"https:\/\/isouthamerica.com\/es\/transfer-cruceros-rio-de-janeiro-terminal-pier-maua\/#primaryimage","url":"https:\/\/i0.wp.com\/isouthamerica.com\/es\/wp-content\/uploads\/2020\/11\/rio-de-janeiro-shore-excursions.jpg?fit=1900%2C702&ssl=1","contentUrl":"https:\/\/i0.wp.com\/isouthamerica.com\/es\/wp-content\/uploads\/2020\/11\/rio-de-janeiro-shore-excursions.jpg?fit=1900%2C702&ssl=1","width":1900,"height":702},{"@type":"BreadcrumbList","@id":"https:\/\/isouthamerica.com\/es\/transfer-cruceros-rio-de-janeiro-terminal-pier-maua\/#breadcrumb","itemListElement":[{"@type":"ListItem","position":1,"name":"Home","item":"https:\/\/isouthamerica.com\/es\/"},{"@type":"ListItem","position":2,"name":"Translados Puerto de Cruceros Rio de Janeiro"}]},{"@type":"WebSite","@id":"https:\/\/isouthamerica.com\/es\/#website","url":"https:\/\/isouthamerica.com\/es\/","name":"iSouthAmerica.com","description":"Transfers &amp; Tours en Brasil","publisher":{"@id":"https:\/\/isouthamerica.com\/es\/#organization"},"potentialAction":[{"@type":"SearchAction","target":{"@type":"EntryPoint","urlTemplate":"https:\/\/isouthamerica.com\/es\/?s={search_term_string}"},"query-input":{"@type":"PropertyValueSpecification","valueRequired":true,"valueName":"search_term_string"}}],"inLanguage":"es"},{"@type":"Organization","@id":"https:\/\/isouthamerica.com\/es\/#organization","name":"iSouthAmerica.com","url":"https:\/\/isouthamerica.com\/es\/","logo":{"@type":"ImageObject","inLanguage":"es","@id":"https:\/\/isouthamerica.com\/es\/#\/schema\/logo\/image\/","url":"https:\/\/i0.wp.com\/isouthamerica.com\/es\/wp-content\/uploads\/2024\/05\/cropped-cropped-isa-home0-2.jpg?fit=955%2C231&ssl=1","contentUrl":"https:\/\/i0.wp.com\/isouthamerica.com\/es\/wp-content\/uploads\/2024\/05\/cropped-cropped-isa-home0-2.jpg?fit=955%2C231&ssl=1","width":955,"height":231,"caption":"iSouthAmerica.com"},"image":{"@id":"https:\/\/isouthamerica.com\/es\/#\/schema\/logo\/image\/"}}]}},"jetpack_sharing_enabled":true,"_links":{"self":[{"href":"https:\/\/isouthamerica.com\/es\/wp-json\/wp\/v2\/pages\/18","targetHints":{"allow":["GET"]}}],"collection":[{"href":"https:\/\/isouthamerica.com\/es\/wp-json\/wp\/v2\/pages"}],"about":[{"href":"https:\/\/isouthamerica.com\/es\/wp-json\/wp\/v2\/types\/page"}],"author":[{"embeddable":true,"href":"https:\/\/isouthamerica.com\/es\/wp-json\/wp\/v2\/users\/1"}],"replies":[{"embeddable":true,"href":"https:\/\/isouthamerica.com\/es\/wp-json\/wp\/v2\/comments?post=18"}],"version-history":[{"count":1,"href":"https:\/\/isouthamerica.com\/es\/wp-json\/wp\/v2\/pages\/18\/revisions"}],"predecessor-version":[{"id":21,"href":"https:\/\/isouthamerica.com\/es\/wp-json\/wp\/v2\/pages\/18\/revisions\/21"}],"wp:attachment":[{"href":"https:\/\/isouthamerica.com\/es\/wp-json\/wp\/v2\/media?parent=18"}],"curies":[{"name":"wp","href":"https:\/\/api.w.org\/{rel}","templated":true}]}}