{"id":56,"date":"2020-11-10T01:44:39","date_gmt":"2020-11-10T01:44:39","guid":{"rendered":"https:\/\/isouthamerica.com\/es\/?page_id=56"},"modified":"2024-04-16T10:55:53","modified_gmt":"2024-04-16T13:55:53","slug":"institucional","status":"publish","type":"page","link":"https:\/\/isouthamerica.com\/es\/institucional\/","title":{"rendered":"Institucional"},"content":{"rendered":"\n<figure class=\"wp-block-image alignfull size-large\"><img data-recalc-dims=\"1\" loading=\"lazy\" decoding=\"async\" width=\"900\" height=\"375\" src=\"https:\/\/i0.wp.com\/isouthamerica.com\/es\/wp-content\/uploads\/2020\/11\/rio-de-janeiro-traslados-tours.jpg?resize=900%2C375&#038;ssl=1\" alt=\"Agencia Receptiva Brasil\" class=\"wp-image-57\" srcset=\"https:\/\/i0.wp.com\/isouthamerica.com\/es\/wp-content\/uploads\/2020\/11\/rio-de-janeiro-traslados-tours.jpg?w=900&amp;ssl=1 900w, https:\/\/i0.wp.com\/isouthamerica.com\/es\/wp-content\/uploads\/2020\/11\/rio-de-janeiro-traslados-tours.jpg?resize=300%2C125&amp;ssl=1 300w, https:\/\/i0.wp.com\/isouthamerica.com\/es\/wp-content\/uploads\/2020\/11\/rio-de-janeiro-traslados-tours.jpg?resize=768%2C320&amp;ssl=1 768w\" sizes=\"auto, (max-width: 900px) 100vw, 900px\" \/><\/figure>\n\n\n\n<h2 class=\"wp-block-heading\" id=\"quienes-somos\">Quienes somos<\/h2>\n\n\n\n<p class=\"\">ISOUTHAMERICA es una empresa especializada en Traslados desde\/hacia Aeropuertos, Terminales de Cruceros, City Tours y otros servicios tur\u00edsticos. Estrat\u00e9gicamente ubicada en la ciudad de Rio de Janeiro, uno de los mayores centros tur\u00edsticos del pa\u00eds, ISOUTHAMERICA opera como puerta de entrada a todo Brasil ofreciendo servicios en m\u00faltiples destinos a lo largo y a lo ancho del pa\u00eds.<\/p>\n\n\n\n<h2 class=\"wp-block-heading\" id=\"mision\">Misi\u00f3n<\/h2>\n\n\n\n<p class=\"\">Nuestra misi\u00f3n es hacer de su viaje sea una experiencia sencilla, segura y placentera. Deseamos que disfrute el 100% del tiempo lejos de su hogar. Para ello contamos una red de proveedores verificados en los principales centros tur\u00edsticos de Brasil quienes cuentan con amplia experiencia en satisfacer las demandas de turistas internacionales.<\/p>\n\n\n\n<h2 class=\"wp-block-heading\" id=\"servicios-estandar-y-a-medida\">Servicios est\u00e1ndar y a medida<\/h2>\n\n\n\n<p class=\"\">Contamos con la flexibilidad necesaria para brindarle tanto servicios pre dise\u00f1ados como hechos a su medida. Podemos ofrecerle Tours est\u00e1ndar y simples servicios como traslados de un punto a otro de la ciudad as\u00ed como tambi\u00e9n itinerarios planeados exclusivamente en base a sus demandas. Solo h\u00e1ganos saber sus necesidades y con gusto trabajaremos para satisfacer sus requerimientos.<\/p>\n\n\n\n<hr class=\"wp-block-separator has-alpha-channel-opacity\"\/>\n\n\n\n<figure class=\"wp-block-image alignfull size-large\"><img data-recalc-dims=\"1\" loading=\"lazy\" decoding=\"async\" width=\"1024\" height=\"688\" src=\"https:\/\/i0.wp.com\/isouthamerica.com\/es\/wp-content\/uploads\/2024\/04\/isa-es-1024x688.jpg?resize=1024%2C688&#038;ssl=1\" alt=\"\" class=\"wp-image-525\" srcset=\"https:\/\/i0.wp.com\/isouthamerica.com\/es\/wp-content\/uploads\/2024\/04\/isa-es.jpg?resize=1024%2C688&amp;ssl=1 1024w, https:\/\/i0.wp.com\/isouthamerica.com\/es\/wp-content\/uploads\/2024\/04\/isa-es.jpg?resize=300%2C201&amp;ssl=1 300w, https:\/\/i0.wp.com\/isouthamerica.com\/es\/wp-content\/uploads\/2024\/04\/isa-es.jpg?resize=768%2C516&amp;ssl=1 768w, https:\/\/i0.wp.com\/isouthamerica.com\/es\/wp-content\/uploads\/2024\/04\/isa-es.jpg?w=1142&amp;ssl=1 1142w\" sizes=\"auto, (max-width: 1024px) 100vw, 1024px\" \/><\/figure>\n\n\n\n<hr class=\"wp-block-separator has-alpha-channel-opacity\"\/>\n","protected":false},"excerpt":{"rendered":"<p>Quienes somos ISOUTHAMERICA es una empresa especializada en Traslados desde\/hacia Aeropuertos, Terminales de Cruceros, City Tours y otros servicios tur\u00edsticos. Estrat\u00e9gicamente ubicada en la ciudad de Rio de Janeiro, uno de los mayores centros tur\u00edsticos del pa\u00eds, ISOUTHAMERICA opera como puerta de entrada a todo Brasil ofreciendo servicios en m\u00faltiples destinos a lo largo y &#8230; <a title=\"Institucional\" class=\"read-more\" href=\"https:\/\/isouthamerica.com\/es\/institucional\/\" aria-label=\"Leer m\u00e1s sobre Institucional\">Leer m\u00e1s<\/a><\/p>\n","protected":false},"author":1,"featured_media":0,"parent":0,"menu_order":0,"comment_status":"closed","ping_status":"closed","template":"","meta":{"footnotes":""},"class_list":["post-56","page","type-page","status-publish"],"yoast_head":"<!-- This site is optimized with the Yoast SEO plugin v27.4 - https:\/\/yoast.com\/product\/yoast-seo-wordpress\/ -->\n<title>Agencia Receptiva Brasil - ISOUTHAMERICA - Operador de Turismo<\/title>\n<meta name=\"description\" content=\"Agencia Receptiva Brasil. ISOUTHAMERICA es una empresa especializada en Traslados Aeropuerto, Cruceros, City Tours y servicios receptivos.\" \/>\n<meta name=\"robots\" content=\"index, follow, max-snippet:-1, max-image-preview:large, max-video-preview:-1\" \/>\n<link rel=\"canonical\" href=\"https:\/\/isouthamerica.com\/es\/institucional\/\" \/>\n<meta property=\"og:locale\" content=\"es_ES\" \/>\n<meta property=\"og:type\" content=\"article\" \/>\n<meta property=\"og:title\" content=\"Agencia Receptiva Brasil - ISOUTHAMERICA - Operador de Turismo\" \/>\n<meta property=\"og:description\" content=\"Agencia Receptiva Brasil. ISOUTHAMERICA es una empresa especializada en Traslados Aeropuerto, Cruceros, City Tours y servicios receptivos.\" \/>\n<meta property=\"og:url\" content=\"https:\/\/isouthamerica.com\/es\/institucional\/\" \/>\n<meta property=\"og:site_name\" content=\"iSouthAmerica.com\" \/>\n<meta property=\"article:modified_time\" content=\"2024-04-16T13:55:53+00:00\" \/>\n<meta property=\"og:image\" content=\"https:\/\/isouthamerica.com\/es\/wp-content\/uploads\/2020\/11\/rio-de-janeiro-traslados-tours.jpg\" \/>\n<meta name=\"twitter:card\" content=\"summary_large_image\" \/>\n<meta name=\"twitter:label1\" content=\"Tiempo de lectura\" \/>\n\t<meta name=\"twitter:data1\" content=\"2 minutos\" \/>\n<script type=\"application\/ld+json\" class=\"yoast-schema-graph\">{\"@context\":\"https:\\\/\\\/schema.org\",\"@graph\":[{\"@type\":\"WebPage\",\"@id\":\"https:\\\/\\\/isouthamerica.com\\\/es\\\/institucional\\\/\",\"url\":\"https:\\\/\\\/isouthamerica.com\\\/es\\\/institucional\\\/\",\"name\":\"Agencia Receptiva Brasil - ISOUTHAMERICA - Operador de Turismo\",\"isPartOf\":{\"@id\":\"https:\\\/\\\/isouthamerica.com\\\/es\\\/#website\"},\"primaryImageOfPage\":{\"@id\":\"https:\\\/\\\/isouthamerica.com\\\/es\\\/institucional\\\/#primaryimage\"},\"image\":{\"@id\":\"https:\\\/\\\/isouthamerica.com\\\/es\\\/institucional\\\/#primaryimage\"},\"thumbnailUrl\":\"https:\\\/\\\/isouthamerica.com\\\/es\\\/wp-content\\\/uploads\\\/2020\\\/11\\\/rio-de-janeiro-traslados-tours.jpg\",\"datePublished\":\"2020-11-10T01:44:39+00:00\",\"dateModified\":\"2024-04-16T13:55:53+00:00\",\"description\":\"Agencia Receptiva Brasil. ISOUTHAMERICA es una empresa especializada en Traslados Aeropuerto, Cruceros, City Tours y servicios receptivos.\",\"breadcrumb\":{\"@id\":\"https:\\\/\\\/isouthamerica.com\\\/es\\\/institucional\\\/#breadcrumb\"},\"inLanguage\":\"es\",\"potentialAction\":[{\"@type\":\"ReadAction\",\"target\":[\"https:\\\/\\\/isouthamerica.com\\\/es\\\/institucional\\\/\"]}]},{\"@type\":\"ImageObject\",\"inLanguage\":\"es\",\"@id\":\"https:\\\/\\\/isouthamerica.com\\\/es\\\/institucional\\\/#primaryimage\",\"url\":\"https:\\\/\\\/i0.wp.com\\\/isouthamerica.com\\\/es\\\/wp-content\\\/uploads\\\/2020\\\/11\\\/rio-de-janeiro-traslados-tours.jpg?fit=900%2C375&ssl=1\",\"contentUrl\":\"https:\\\/\\\/i0.wp.com\\\/isouthamerica.com\\\/es\\\/wp-content\\\/uploads\\\/2020\\\/11\\\/rio-de-janeiro-traslados-tours.jpg?fit=900%2C375&ssl=1\",\"width\":900,\"height\":375},{\"@type\":\"BreadcrumbList\",\"@id\":\"https:\\\/\\\/isouthamerica.com\\\/es\\\/institucional\\\/#breadcrumb\",\"itemListElement\":[{\"@type\":\"ListItem\",\"position\":1,\"name\":\"Home\",\"item\":\"https:\\\/\\\/isouthamerica.com\\\/es\\\/\"},{\"@type\":\"ListItem\",\"position\":2,\"name\":\"Institucional\"}]},{\"@type\":\"WebSite\",\"@id\":\"https:\\\/\\\/isouthamerica.com\\\/es\\\/#website\",\"url\":\"https:\\\/\\\/isouthamerica.com\\\/es\\\/\",\"name\":\"iSouthAmerica.com\",\"description\":\"Transfers &amp; Tours en Brasil\",\"publisher\":{\"@id\":\"https:\\\/\\\/isouthamerica.com\\\/es\\\/#organization\"},\"potentialAction\":[{\"@type\":\"SearchAction\",\"target\":{\"@type\":\"EntryPoint\",\"urlTemplate\":\"https:\\\/\\\/isouthamerica.com\\\/es\\\/?s={search_term_string}\"},\"query-input\":{\"@type\":\"PropertyValueSpecification\",\"valueRequired\":true,\"valueName\":\"search_term_string\"}}],\"inLanguage\":\"es\"},{\"@type\":\"Organization\",\"@id\":\"https:\\\/\\\/isouthamerica.com\\\/es\\\/#organization\",\"name\":\"iSouthAmerica.com\",\"url\":\"https:\\\/\\\/isouthamerica.com\\\/es\\\/\",\"logo\":{\"@type\":\"ImageObject\",\"inLanguage\":\"es\",\"@id\":\"https:\\\/\\\/isouthamerica.com\\\/es\\\/#\\\/schema\\\/logo\\\/image\\\/\",\"url\":\"https:\\\/\\\/i0.wp.com\\\/isouthamerica.com\\\/es\\\/wp-content\\\/uploads\\\/2024\\\/05\\\/cropped-cropped-isa-home0-2.jpg?fit=955%2C231&ssl=1\",\"contentUrl\":\"https:\\\/\\\/i0.wp.com\\\/isouthamerica.com\\\/es\\\/wp-content\\\/uploads\\\/2024\\\/05\\\/cropped-cropped-isa-home0-2.jpg?fit=955%2C231&ssl=1\",\"width\":955,\"height\":231,\"caption\":\"iSouthAmerica.com\"},\"image\":{\"@id\":\"https:\\\/\\\/isouthamerica.com\\\/es\\\/#\\\/schema\\\/logo\\\/image\\\/\"}}]}<\/script>\n<!-- \/ Yoast SEO plugin. -->","yoast_head_json":{"title":"Agencia Receptiva Brasil - ISOUTHAMERICA - Operador de Turismo","description":"Agencia Receptiva Brasil. ISOUTHAMERICA es una empresa especializada en Traslados Aeropuerto, Cruceros, City Tours y servicios receptivos.","robots":{"index":"index","follow":"follow","max-snippet":"max-snippet:-1","max-image-preview":"max-image-preview:large","max-video-preview":"max-video-preview:-1"},"canonical":"https:\/\/isouthamerica.com\/es\/institucional\/","og_locale":"es_ES","og_type":"article","og_title":"Agencia Receptiva Brasil - ISOUTHAMERICA - Operador de Turismo","og_description":"Agencia Receptiva Brasil. ISOUTHAMERICA es una empresa especializada en Traslados Aeropuerto, Cruceros, City Tours y servicios receptivos.","og_url":"https:\/\/isouthamerica.com\/es\/institucional\/","og_site_name":"iSouthAmerica.com","article_modified_time":"2024-04-16T13:55:53+00:00","og_image":[{"url":"https:\/\/isouthamerica.com\/es\/wp-content\/uploads\/2020\/11\/rio-de-janeiro-traslados-tours.jpg","type":"","width":"","height":""}],"twitter_card":"summary_large_image","twitter_misc":{"Tiempo de lectura":"2 minutos"},"schema":{"@context":"https:\/\/schema.org","@graph":[{"@type":"WebPage","@id":"https:\/\/isouthamerica.com\/es\/institucional\/","url":"https:\/\/isouthamerica.com\/es\/institucional\/","name":"Agencia Receptiva Brasil - ISOUTHAMERICA - Operador de Turismo","isPartOf":{"@id":"https:\/\/isouthamerica.com\/es\/#website"},"primaryImageOfPage":{"@id":"https:\/\/isouthamerica.com\/es\/institucional\/#primaryimage"},"image":{"@id":"https:\/\/isouthamerica.com\/es\/institucional\/#primaryimage"},"thumbnailUrl":"https:\/\/isouthamerica.com\/es\/wp-content\/uploads\/2020\/11\/rio-de-janeiro-traslados-tours.jpg","datePublished":"2020-11-10T01:44:39+00:00","dateModified":"2024-04-16T13:55:53+00:00","description":"Agencia Receptiva Brasil. ISOUTHAMERICA es una empresa especializada en Traslados Aeropuerto, Cruceros, City Tours y servicios receptivos.","breadcrumb":{"@id":"https:\/\/isouthamerica.com\/es\/institucional\/#breadcrumb"},"inLanguage":"es","potentialAction":[{"@type":"ReadAction","target":["https:\/\/isouthamerica.com\/es\/institucional\/"]}]},{"@type":"ImageObject","inLanguage":"es","@id":"https:\/\/isouthamerica.com\/es\/institucional\/#primaryimage","url":"https:\/\/i0.wp.com\/isouthamerica.com\/es\/wp-content\/uploads\/2020\/11\/rio-de-janeiro-traslados-tours.jpg?fit=900%2C375&ssl=1","contentUrl":"https:\/\/i0.wp.com\/isouthamerica.com\/es\/wp-content\/uploads\/2020\/11\/rio-de-janeiro-traslados-tours.jpg?fit=900%2C375&ssl=1","width":900,"height":375},{"@type":"BreadcrumbList","@id":"https:\/\/isouthamerica.com\/es\/institucional\/#breadcrumb","itemListElement":[{"@type":"ListItem","position":1,"name":"Home","item":"https:\/\/isouthamerica.com\/es\/"},{"@type":"ListItem","position":2,"name":"Institucional"}]},{"@type":"WebSite","@id":"https:\/\/isouthamerica.com\/es\/#website","url":"https:\/\/isouthamerica.com\/es\/","name":"iSouthAmerica.com","description":"Transfers &amp; Tours en Brasil","publisher":{"@id":"https:\/\/isouthamerica.com\/es\/#organization"},"potentialAction":[{"@type":"SearchAction","target":{"@type":"EntryPoint","urlTemplate":"https:\/\/isouthamerica.com\/es\/?s={search_term_string}"},"query-input":{"@type":"PropertyValueSpecification","valueRequired":true,"valueName":"search_term_string"}}],"inLanguage":"es"},{"@type":"Organization","@id":"https:\/\/isouthamerica.com\/es\/#organization","name":"iSouthAmerica.com","url":"https:\/\/isouthamerica.com\/es\/","logo":{"@type":"ImageObject","inLanguage":"es","@id":"https:\/\/isouthamerica.com\/es\/#\/schema\/logo\/image\/","url":"https:\/\/i0.wp.com\/isouthamerica.com\/es\/wp-content\/uploads\/2024\/05\/cropped-cropped-isa-home0-2.jpg?fit=955%2C231&ssl=1","contentUrl":"https:\/\/i0.wp.com\/isouthamerica.com\/es\/wp-content\/uploads\/2024\/05\/cropped-cropped-isa-home0-2.jpg?fit=955%2C231&ssl=1","width":955,"height":231,"caption":"iSouthAmerica.com"},"image":{"@id":"https:\/\/isouthamerica.com\/es\/#\/schema\/logo\/image\/"}}]}},"jetpack_sharing_enabled":true,"_links":{"self":[{"href":"https:\/\/isouthamerica.com\/es\/wp-json\/wp\/v2\/pages\/56","targetHints":{"allow":["GET"]}}],"collection":[{"href":"https:\/\/isouthamerica.com\/es\/wp-json\/wp\/v2\/pages"}],"about":[{"href":"https:\/\/isouthamerica.com\/es\/wp-json\/wp\/v2\/types\/page"}],"author":[{"embeddable":true,"href":"https:\/\/isouthamerica.com\/es\/wp-json\/wp\/v2\/users\/1"}],"replies":[{"embeddable":true,"href":"https:\/\/isouthamerica.com\/es\/wp-json\/wp\/v2\/comments?post=56"}],"version-history":[{"count":5,"href":"https:\/\/isouthamerica.com\/es\/wp-json\/wp\/v2\/pages\/56\/revisions"}],"predecessor-version":[{"id":529,"href":"https:\/\/isouthamerica.com\/es\/wp-json\/wp\/v2\/pages\/56\/revisions\/529"}],"wp:attachment":[{"href":"https:\/\/isouthamerica.com\/es\/wp-json\/wp\/v2\/media?parent=56"}],"curies":[{"name":"wp","href":"https:\/\/api.w.org\/{rel}","templated":true}]}}