{"id":59,"date":"2020-11-10T02:14:35","date_gmt":"2020-11-10T02:14:35","guid":{"rendered":"https:\/\/isouthamerica.com\/es\/?page_id=59"},"modified":"2025-06-06T08:59:34","modified_gmt":"2025-06-06T11:59:34","slug":"agencia-receptiva-brasil-operador-turismo","status":"publish","type":"page","link":"https:\/\/isouthamerica.com\/es\/agencia-receptiva-brasil-operador-turismo\/","title":{"rendered":"Agencia de Turismo Receptivo en Brasil"},"content":{"rendered":"\n<p class=\"\"><strong><span style=\"text-decoration: underline;\">Agencia Receptiva Brasil<\/span><\/strong>. ISOUTHAMERICA ofrece soluciones integrales de viajes y turismo para sus clientes en m\u00faltiples ciudades Brasile\u00f1as.<\/p>\n\n\n<div class=\"wp-block-image\">\n<figure class=\"aligncenter size-large\"><img data-recalc-dims=\"1\" loading=\"lazy\" decoding=\"async\" width=\"900\" height=\"393\" src=\"https:\/\/i0.wp.com\/isouthamerica.com\/es\/wp-content\/uploads\/2020\/11\/agencia-de-viajes-rio-de-janeiro.jpg?resize=900%2C393&#038;ssl=1\" alt=\"Agencia Receptiva Brasil\" class=\"wp-image-60\" srcset=\"https:\/\/i0.wp.com\/isouthamerica.com\/es\/wp-content\/uploads\/2020\/11\/agencia-de-viajes-rio-de-janeiro.jpg?w=900&amp;ssl=1 900w, https:\/\/i0.wp.com\/isouthamerica.com\/es\/wp-content\/uploads\/2020\/11\/agencia-de-viajes-rio-de-janeiro.jpg?resize=300%2C131&amp;ssl=1 300w, https:\/\/i0.wp.com\/isouthamerica.com\/es\/wp-content\/uploads\/2020\/11\/agencia-de-viajes-rio-de-janeiro.jpg?resize=768%2C335&amp;ssl=1 768w\" sizes=\"auto, (max-width: 900px) 100vw, 900px\" \/><figcaption class=\"wp-element-caption\"><strong>Agencia Receptiva Brasil<\/strong><\/figcaption><\/figure>\n<\/div>\n\n\n<hr class=\"wp-block-separator has-css-opacity\"\/>\n\n\n\n<h2 class=\"wp-block-heading\" id=\"beneficios-para-agencias-de-viajes\"><strong>Beneficios para Agencias de Viajes<\/strong><\/h2>\n\n\n\n<p class=\"\">Ofrezca soluciones en m\u00faltiples ciudades de Brasil con un \u00fanico proveedor. ISOUTHAMERICA opera traslados y tours en Rio de Janeiro, San Paulo, Recife, Fortaleza, Salvador, Natal, Florian\u00f3polis, Navegantes y Foz do Igua\u00e7u. Servicio de calidad verificada en <a href=\"https:\/\/www.tripadvisor.com\/Attraction_Review-g303506-d14792599-Reviews-I_South_America-Rio_de_Janeiro_State_of_Rio_de_Janeiro.html\" target=\"_blank\" rel=\"noreferrer noopener\">TripAdvisor<\/a>.<\/p>\n\n\n\n<ul class=\"wp-block-list\">\n<li class=\"\">Ofrezca servicios de calidad a sus clientes<\/li>\n\n\n\n<li class=\"\">Incluya a Brasil en su porfolio de productos<\/li>\n\n\n\n<li class=\"\">Acceda a precios preferenciales<\/li>\n\n\n\n<li class=\"\">Servicios receptivos de excelencia<\/li>\n\n\n\n<li class=\"\">Reciba total soporte de Agencia Receptiva Rio de Janeiro <\/li>\n\n\n\n<li class=\"\">Pague por anticipado los servicios de su cliente, sin cargos en destino<\/li>\n\n\n\n<li class=\"\">Receptivo en Aeropuerto con el nombre\/logo de su agencia<\/li>\n\n\n\n<li class=\"\">M\u00faltiples opciones internaciones de pago<\/li>\n\n\n\n<li class=\"\">Obtenga una factura por todas sus compras<\/li>\n<\/ul>\n\n\n\n<h2 class=\"wp-block-heading\" id=\"agencia-receptiva-brasil-servicios\"><strong>Agencia Receptiva Brasil &#8211; Servicios<\/strong><\/h2>\n\n\n\n<ul class=\"wp-block-list\">\n<li class=\"\">Traslados Privados Aeropuertos.<\/li>\n\n\n\n<li class=\"\">Traslados Privados en Terminal de Cruceros.<\/li>\n\n\n\n<li class=\"\">Autos Sedan, VANS y MINIBUSES disponibles<\/li>\n\n\n\n<li class=\"\">Alquiler de auto por hora con chofer en Ingles\/Espa\u00f1ol<\/li>\n\n\n\n<li class=\"\">Traslados Compartidos<\/li>\n\n\n\n<li class=\"\">Tours Privados<\/li>\n\n\n\n<li class=\"\">Tours Compartidos<\/li>\n\n\n\n<li class=\"\">Reserva de entradas a atracciones y shows<\/li>\n\n\n\n<li class=\"\">Gu\u00edas triling\u00fces, espa\u00f1ol, portugu\u00e9s, ingles<\/li>\n\n\n\n<li class=\"\">Servicios de conserjer\u00eda<\/li>\n<\/ul>\n\n\n\n<hr class=\"wp-block-separator has-alpha-channel-opacity\"\/>\n\n\n\n<figure class=\"wp-block-image alignfull size-large\"><img data-recalc-dims=\"1\" loading=\"lazy\" decoding=\"async\" width=\"1024\" height=\"688\" src=\"https:\/\/i0.wp.com\/isouthamerica.com\/es\/wp-content\/uploads\/2024\/04\/isa-es-1.jpg?resize=1024%2C688&#038;ssl=1\" alt=\"\" class=\"wp-image-530\" srcset=\"https:\/\/i0.wp.com\/isouthamerica.com\/es\/wp-content\/uploads\/2024\/04\/isa-es-1.jpg?resize=1024%2C688&amp;ssl=1 1024w, https:\/\/i0.wp.com\/isouthamerica.com\/es\/wp-content\/uploads\/2024\/04\/isa-es-1.jpg?resize=300%2C201&amp;ssl=1 300w, https:\/\/i0.wp.com\/isouthamerica.com\/es\/wp-content\/uploads\/2024\/04\/isa-es-1.jpg?resize=768%2C516&amp;ssl=1 768w, https:\/\/i0.wp.com\/isouthamerica.com\/es\/wp-content\/uploads\/2024\/04\/isa-es-1.jpg?w=1142&amp;ssl=1 1142w\" sizes=\"auto, (max-width: 1024px) 100vw, 1024px\" \/><\/figure>\n\n\n\n<hr class=\"wp-block-separator has-alpha-channel-opacity\"\/>\n","protected":false},"excerpt":{"rendered":"<p>Agencia Receptiva Brasil. ISOUTHAMERICA ofrece soluciones integrales de viajes y turismo para sus clientes en m\u00faltiples ciudades Brasile\u00f1as. Beneficios para Agencias de Viajes Ofrezca soluciones en m\u00faltiples ciudades de Brasil con un \u00fanico proveedor. ISOUTHAMERICA opera traslados y tours en Rio de Janeiro, San Paulo, Recife, Fortaleza, Salvador, Natal, Florian\u00f3polis, Navegantes y Foz do Igua\u00e7u. &#8230; <a title=\"Agencia de Turismo Receptivo en Brasil\" class=\"read-more\" href=\"https:\/\/isouthamerica.com\/es\/agencia-receptiva-brasil-operador-turismo\/\" aria-label=\"Leer m\u00e1s sobre Agencia de Turismo Receptivo en Brasil\">Leer m\u00e1s<\/a><\/p>\n","protected":false},"author":1,"featured_media":0,"parent":0,"menu_order":0,"comment_status":"closed","ping_status":"closed","template":"","meta":{"footnotes":""},"class_list":["post-59","page","type-page","status-publish"],"yoast_head":"<!-- This site is optimized with the Yoast SEO plugin v27.4 - https:\/\/yoast.com\/product\/yoast-seo-wordpress\/ -->\n<title>Agencia Receptiva Brasil - Operador de Viajes y Turismo<\/title>\n<meta name=\"description\" content=\"Agencia Receptiva Brasil - Rio de Janeiro, San Paulo, Recife, Fortaleza, Salvador, Natal, Florian\u00f3polis, Navegantes y Foz do Igua\u00e7u - Turismo\" \/>\n<meta name=\"robots\" content=\"index, follow, max-snippet:-1, max-image-preview:large, max-video-preview:-1\" \/>\n<link rel=\"canonical\" href=\"https:\/\/isouthamerica.com\/es\/agencia-receptiva-brasil-operador-turismo\/\" \/>\n<meta property=\"og:locale\" content=\"es_ES\" \/>\n<meta property=\"og:type\" content=\"article\" \/>\n<meta property=\"og:title\" content=\"Agencia Receptiva Brasil - Operador de Viajes y Turismo\" \/>\n<meta property=\"og:description\" content=\"Agencia Receptiva Brasil - Rio de Janeiro, San Paulo, Recife, Fortaleza, Salvador, Natal, Florian\u00f3polis, Navegantes y Foz do Igua\u00e7u - Turismo\" \/>\n<meta property=\"og:url\" content=\"https:\/\/isouthamerica.com\/es\/agencia-receptiva-brasil-operador-turismo\/\" \/>\n<meta property=\"og:site_name\" content=\"iSouthAmerica.com\" \/>\n<meta property=\"article:modified_time\" content=\"2025-06-06T11:59:34+00:00\" \/>\n<meta property=\"og:image\" content=\"https:\/\/isouthamerica.com\/es\/wp-content\/uploads\/2020\/11\/agencia-de-viajes-rio-de-janeiro.jpg\" \/>\n<meta name=\"twitter:card\" content=\"summary_large_image\" \/>\n<meta name=\"twitter:label1\" content=\"Tiempo de lectura\" \/>\n\t<meta name=\"twitter:data1\" content=\"2 minutos\" \/>\n<script type=\"application\/ld+json\" class=\"yoast-schema-graph\">{\"@context\":\"https:\\\/\\\/schema.org\",\"@graph\":[{\"@type\":\"WebPage\",\"@id\":\"https:\\\/\\\/isouthamerica.com\\\/es\\\/agencia-receptiva-brasil-operador-turismo\\\/\",\"url\":\"https:\\\/\\\/isouthamerica.com\\\/es\\\/agencia-receptiva-brasil-operador-turismo\\\/\",\"name\":\"Agencia Receptiva Brasil - Operador de Viajes y Turismo\",\"isPartOf\":{\"@id\":\"https:\\\/\\\/isouthamerica.com\\\/es\\\/#website\"},\"primaryImageOfPage\":{\"@id\":\"https:\\\/\\\/isouthamerica.com\\\/es\\\/agencia-receptiva-brasil-operador-turismo\\\/#primaryimage\"},\"image\":{\"@id\":\"https:\\\/\\\/isouthamerica.com\\\/es\\\/agencia-receptiva-brasil-operador-turismo\\\/#primaryimage\"},\"thumbnailUrl\":\"https:\\\/\\\/isouthamerica.com\\\/es\\\/wp-content\\\/uploads\\\/2020\\\/11\\\/agencia-de-viajes-rio-de-janeiro.jpg\",\"datePublished\":\"2020-11-10T02:14:35+00:00\",\"dateModified\":\"2025-06-06T11:59:34+00:00\",\"description\":\"Agencia Receptiva Brasil - Rio de Janeiro, San Paulo, Recife, Fortaleza, Salvador, Natal, Florian\u00f3polis, Navegantes y Foz do Igua\u00e7u - Turismo\",\"breadcrumb\":{\"@id\":\"https:\\\/\\\/isouthamerica.com\\\/es\\\/agencia-receptiva-brasil-operador-turismo\\\/#breadcrumb\"},\"inLanguage\":\"es\",\"potentialAction\":[{\"@type\":\"ReadAction\",\"target\":[\"https:\\\/\\\/isouthamerica.com\\\/es\\\/agencia-receptiva-brasil-operador-turismo\\\/\"]}]},{\"@type\":\"ImageObject\",\"inLanguage\":\"es\",\"@id\":\"https:\\\/\\\/isouthamerica.com\\\/es\\\/agencia-receptiva-brasil-operador-turismo\\\/#primaryimage\",\"url\":\"https:\\\/\\\/i0.wp.com\\\/isouthamerica.com\\\/es\\\/wp-content\\\/uploads\\\/2020\\\/11\\\/agencia-de-viajes-rio-de-janeiro.jpg?fit=900%2C393&ssl=1\",\"contentUrl\":\"https:\\\/\\\/i0.wp.com\\\/isouthamerica.com\\\/es\\\/wp-content\\\/uploads\\\/2020\\\/11\\\/agencia-de-viajes-rio-de-janeiro.jpg?fit=900%2C393&ssl=1\",\"width\":900,\"height\":393},{\"@type\":\"BreadcrumbList\",\"@id\":\"https:\\\/\\\/isouthamerica.com\\\/es\\\/agencia-receptiva-brasil-operador-turismo\\\/#breadcrumb\",\"itemListElement\":[{\"@type\":\"ListItem\",\"position\":1,\"name\":\"Home\",\"item\":\"https:\\\/\\\/isouthamerica.com\\\/es\\\/\"},{\"@type\":\"ListItem\",\"position\":2,\"name\":\"Agencia de Turismo Receptivo en Brasil\"}]},{\"@type\":\"WebSite\",\"@id\":\"https:\\\/\\\/isouthamerica.com\\\/es\\\/#website\",\"url\":\"https:\\\/\\\/isouthamerica.com\\\/es\\\/\",\"name\":\"iSouthAmerica.com\",\"description\":\"Transfers &amp; Tours en Brasil\",\"publisher\":{\"@id\":\"https:\\\/\\\/isouthamerica.com\\\/es\\\/#organization\"},\"potentialAction\":[{\"@type\":\"SearchAction\",\"target\":{\"@type\":\"EntryPoint\",\"urlTemplate\":\"https:\\\/\\\/isouthamerica.com\\\/es\\\/?s={search_term_string}\"},\"query-input\":{\"@type\":\"PropertyValueSpecification\",\"valueRequired\":true,\"valueName\":\"search_term_string\"}}],\"inLanguage\":\"es\"},{\"@type\":\"Organization\",\"@id\":\"https:\\\/\\\/isouthamerica.com\\\/es\\\/#organization\",\"name\":\"iSouthAmerica.com\",\"url\":\"https:\\\/\\\/isouthamerica.com\\\/es\\\/\",\"logo\":{\"@type\":\"ImageObject\",\"inLanguage\":\"es\",\"@id\":\"https:\\\/\\\/isouthamerica.com\\\/es\\\/#\\\/schema\\\/logo\\\/image\\\/\",\"url\":\"https:\\\/\\\/i0.wp.com\\\/isouthamerica.com\\\/es\\\/wp-content\\\/uploads\\\/2024\\\/05\\\/cropped-cropped-isa-home0-2.jpg?fit=955%2C231&ssl=1\",\"contentUrl\":\"https:\\\/\\\/i0.wp.com\\\/isouthamerica.com\\\/es\\\/wp-content\\\/uploads\\\/2024\\\/05\\\/cropped-cropped-isa-home0-2.jpg?fit=955%2C231&ssl=1\",\"width\":955,\"height\":231,\"caption\":\"iSouthAmerica.com\"},\"image\":{\"@id\":\"https:\\\/\\\/isouthamerica.com\\\/es\\\/#\\\/schema\\\/logo\\\/image\\\/\"}}]}<\/script>\n<!-- \/ Yoast SEO plugin. -->","yoast_head_json":{"title":"Agencia Receptiva Brasil - Operador de Viajes y Turismo","description":"Agencia Receptiva Brasil - Rio de Janeiro, San Paulo, Recife, Fortaleza, Salvador, Natal, Florian\u00f3polis, Navegantes y Foz do Igua\u00e7u - Turismo","robots":{"index":"index","follow":"follow","max-snippet":"max-snippet:-1","max-image-preview":"max-image-preview:large","max-video-preview":"max-video-preview:-1"},"canonical":"https:\/\/isouthamerica.com\/es\/agencia-receptiva-brasil-operador-turismo\/","og_locale":"es_ES","og_type":"article","og_title":"Agencia Receptiva Brasil - Operador de Viajes y Turismo","og_description":"Agencia Receptiva Brasil - Rio de Janeiro, San Paulo, Recife, Fortaleza, Salvador, Natal, Florian\u00f3polis, Navegantes y Foz do Igua\u00e7u - Turismo","og_url":"https:\/\/isouthamerica.com\/es\/agencia-receptiva-brasil-operador-turismo\/","og_site_name":"iSouthAmerica.com","article_modified_time":"2025-06-06T11:59:34+00:00","og_image":[{"url":"https:\/\/isouthamerica.com\/es\/wp-content\/uploads\/2020\/11\/agencia-de-viajes-rio-de-janeiro.jpg","type":"","width":"","height":""}],"twitter_card":"summary_large_image","twitter_misc":{"Tiempo de lectura":"2 minutos"},"schema":{"@context":"https:\/\/schema.org","@graph":[{"@type":"WebPage","@id":"https:\/\/isouthamerica.com\/es\/agencia-receptiva-brasil-operador-turismo\/","url":"https:\/\/isouthamerica.com\/es\/agencia-receptiva-brasil-operador-turismo\/","name":"Agencia Receptiva Brasil - Operador de Viajes y Turismo","isPartOf":{"@id":"https:\/\/isouthamerica.com\/es\/#website"},"primaryImageOfPage":{"@id":"https:\/\/isouthamerica.com\/es\/agencia-receptiva-brasil-operador-turismo\/#primaryimage"},"image":{"@id":"https:\/\/isouthamerica.com\/es\/agencia-receptiva-brasil-operador-turismo\/#primaryimage"},"thumbnailUrl":"https:\/\/isouthamerica.com\/es\/wp-content\/uploads\/2020\/11\/agencia-de-viajes-rio-de-janeiro.jpg","datePublished":"2020-11-10T02:14:35+00:00","dateModified":"2025-06-06T11:59:34+00:00","description":"Agencia Receptiva Brasil - Rio de Janeiro, San Paulo, Recife, Fortaleza, Salvador, Natal, Florian\u00f3polis, Navegantes y Foz do Igua\u00e7u - Turismo","breadcrumb":{"@id":"https:\/\/isouthamerica.com\/es\/agencia-receptiva-brasil-operador-turismo\/#breadcrumb"},"inLanguage":"es","potentialAction":[{"@type":"ReadAction","target":["https:\/\/isouthamerica.com\/es\/agencia-receptiva-brasil-operador-turismo\/"]}]},{"@type":"ImageObject","inLanguage":"es","@id":"https:\/\/isouthamerica.com\/es\/agencia-receptiva-brasil-operador-turismo\/#primaryimage","url":"https:\/\/i0.wp.com\/isouthamerica.com\/es\/wp-content\/uploads\/2020\/11\/agencia-de-viajes-rio-de-janeiro.jpg?fit=900%2C393&ssl=1","contentUrl":"https:\/\/i0.wp.com\/isouthamerica.com\/es\/wp-content\/uploads\/2020\/11\/agencia-de-viajes-rio-de-janeiro.jpg?fit=900%2C393&ssl=1","width":900,"height":393},{"@type":"BreadcrumbList","@id":"https:\/\/isouthamerica.com\/es\/agencia-receptiva-brasil-operador-turismo\/#breadcrumb","itemListElement":[{"@type":"ListItem","position":1,"name":"Home","item":"https:\/\/isouthamerica.com\/es\/"},{"@type":"ListItem","position":2,"name":"Agencia de Turismo Receptivo en Brasil"}]},{"@type":"WebSite","@id":"https:\/\/isouthamerica.com\/es\/#website","url":"https:\/\/isouthamerica.com\/es\/","name":"iSouthAmerica.com","description":"Transfers &amp; Tours en Brasil","publisher":{"@id":"https:\/\/isouthamerica.com\/es\/#organization"},"potentialAction":[{"@type":"SearchAction","target":{"@type":"EntryPoint","urlTemplate":"https:\/\/isouthamerica.com\/es\/?s={search_term_string}"},"query-input":{"@type":"PropertyValueSpecification","valueRequired":true,"valueName":"search_term_string"}}],"inLanguage":"es"},{"@type":"Organization","@id":"https:\/\/isouthamerica.com\/es\/#organization","name":"iSouthAmerica.com","url":"https:\/\/isouthamerica.com\/es\/","logo":{"@type":"ImageObject","inLanguage":"es","@id":"https:\/\/isouthamerica.com\/es\/#\/schema\/logo\/image\/","url":"https:\/\/i0.wp.com\/isouthamerica.com\/es\/wp-content\/uploads\/2024\/05\/cropped-cropped-isa-home0-2.jpg?fit=955%2C231&ssl=1","contentUrl":"https:\/\/i0.wp.com\/isouthamerica.com\/es\/wp-content\/uploads\/2024\/05\/cropped-cropped-isa-home0-2.jpg?fit=955%2C231&ssl=1","width":955,"height":231,"caption":"iSouthAmerica.com"},"image":{"@id":"https:\/\/isouthamerica.com\/es\/#\/schema\/logo\/image\/"}}]}},"jetpack_sharing_enabled":true,"_links":{"self":[{"href":"https:\/\/isouthamerica.com\/es\/wp-json\/wp\/v2\/pages\/59","targetHints":{"allow":["GET"]}}],"collection":[{"href":"https:\/\/isouthamerica.com\/es\/wp-json\/wp\/v2\/pages"}],"about":[{"href":"https:\/\/isouthamerica.com\/es\/wp-json\/wp\/v2\/types\/page"}],"author":[{"embeddable":true,"href":"https:\/\/isouthamerica.com\/es\/wp-json\/wp\/v2\/users\/1"}],"replies":[{"embeddable":true,"href":"https:\/\/isouthamerica.com\/es\/wp-json\/wp\/v2\/comments?post=59"}],"version-history":[{"count":5,"href":"https:\/\/isouthamerica.com\/es\/wp-json\/wp\/v2\/pages\/59\/revisions"}],"predecessor-version":[{"id":534,"href":"https:\/\/isouthamerica.com\/es\/wp-json\/wp\/v2\/pages\/59\/revisions\/534"}],"wp:attachment":[{"href":"https:\/\/isouthamerica.com\/es\/wp-json\/wp\/v2\/media?parent=59"}],"curies":[{"name":"wp","href":"https:\/\/api.w.org\/{rel}","templated":true}]}}