{"id":6,"date":"2020-11-09T13:53:09","date_gmt":"2020-11-09T13:53:09","guid":{"rendered":"https:\/\/isouthamerica.com\/es\/?page_id=6"},"modified":"2025-06-16T15:03:01","modified_gmt":"2025-06-16T18:03:01","slug":"traslados-aeropuerto-rio-de-janeiro","status":"publish","type":"page","link":"https:\/\/isouthamerica.com\/es\/traslados-aeropuerto-rio-de-janeiro\/","title":{"rendered":""},"content":{"rendered":"\n<div class=\"wp-block-cover alignfull\" style=\"min-height:580px;aspect-ratio:unset;\"><img data-recalc-dims=\"1\" loading=\"lazy\" decoding=\"async\" width=\"1024\" height=\"683\" class=\"wp-block-cover__image-background wp-image-1671 size-large\" alt=\"\" src=\"https:\/\/i0.wp.com\/isouthamerica.com\/es\/wp-content\/uploads\/2025\/06\/rio-de-janeiro.jpg?resize=1024%2C683&#038;ssl=1\" style=\"object-position:51% 31%\" data-object-fit=\"cover\" data-object-position=\"51% 31%\" srcset=\"https:\/\/i0.wp.com\/isouthamerica.com\/es\/wp-content\/uploads\/2025\/06\/rio-de-janeiro.jpg?resize=1024%2C683&amp;ssl=1 1024w, https:\/\/i0.wp.com\/isouthamerica.com\/es\/wp-content\/uploads\/2025\/06\/rio-de-janeiro.jpg?resize=300%2C200&amp;ssl=1 300w, https:\/\/i0.wp.com\/isouthamerica.com\/es\/wp-content\/uploads\/2025\/06\/rio-de-janeiro.jpg?resize=768%2C512&amp;ssl=1 768w, https:\/\/i0.wp.com\/isouthamerica.com\/es\/wp-content\/uploads\/2025\/06\/rio-de-janeiro.jpg?resize=1536%2C1024&amp;ssl=1 1536w, https:\/\/i0.wp.com\/isouthamerica.com\/es\/wp-content\/uploads\/2025\/06\/rio-de-janeiro.jpg?w=2400&amp;ssl=1 2400w\" sizes=\"auto, (max-width: 1024px) 100vw, 1024px\" \/><span aria-hidden=\"true\" class=\"wp-block-cover__background has-contrast-background-color has-background-dim\"><\/span><div class=\"wp-block-cover__inner-container is-layout-constrained wp-block-cover-is-layout-constrained\">\n<h2 class=\"wp-block-heading has-text-align-center\"><strong>Transfer Rio de Janeiro puerta-puerta. <\/strong><\/h2>\n\n\n\n<p class=\"has-text-align-center\">Servicio privado puerta a puerta 24 horas al d\u00eda, 7 d\u00edas a la semana.<\/p>\n\n\n<div class=\"wp-block-image\">\n<figure class=\"aligncenter size-full is-resized\"><img data-recalc-dims=\"1\" decoding=\"async\" src=\"https:\/\/i0.wp.com\/airporttransfersbuenosaires.com\/wp-content\/uploads\/2025\/03\/trip-advisor-modified-1.png?w=1200&#038;ssl=1\" alt=\"\" class=\"wp-image-1964\" style=\"width:176px;height:auto\"\/><\/figure>\n<\/div><\/div><\/div>\n\n\n\n<p class=\"\"><\/p>\n\n\n\n<div class=\"wp-block-columns is-layout-flex wp-container-core-columns-is-layout-9d6595d7 wp-block-columns-is-layout-flex\">\n<div class=\"wp-block-column is-layout-flow wp-block-column-is-layout-flow\">\n<figure class=\"wp-block-image size-full\"><img loading=\"lazy\" decoding=\"async\" width=\"720\" height=\"180\" src=\"https:\/\/i0.wp.com\/isouthamerica.com\/es\/wp-content\/uploads\/2025\/06\/llegada-sin-estres.png?fit=720%2C180&amp;ssl=1\" alt=\"\" class=\"wp-image-1624\" srcset=\"https:\/\/i0.wp.com\/isouthamerica.com\/es\/wp-content\/uploads\/2025\/06\/llegada-sin-estres.png?w=720&amp;ssl=1 720w, https:\/\/i0.wp.com\/isouthamerica.com\/es\/wp-content\/uploads\/2025\/06\/llegada-sin-estres.png?resize=300%2C75&amp;ssl=1 300w\" sizes=\"auto, (max-width: 720px) 100vw, 720px\" \/><\/figure>\n<\/div>\n\n\n\n<div class=\"wp-block-column is-layout-flow wp-block-column-is-layout-flow\">\n<figure class=\"wp-block-image size-full\"><img loading=\"lazy\" decoding=\"async\" width=\"720\" height=\"180\" src=\"https:\/\/i0.wp.com\/isouthamerica.com\/es\/wp-content\/uploads\/2025\/06\/conductores-profesionales.png?fit=720%2C180&amp;ssl=1\" alt=\"\" class=\"wp-image-1625\" srcset=\"https:\/\/i0.wp.com\/isouthamerica.com\/es\/wp-content\/uploads\/2025\/06\/conductores-profesionales.png?w=720&amp;ssl=1 720w, https:\/\/i0.wp.com\/isouthamerica.com\/es\/wp-content\/uploads\/2025\/06\/conductores-profesionales.png?resize=300%2C75&amp;ssl=1 300w\" sizes=\"auto, (max-width: 720px) 100vw, 720px\" \/><\/figure>\n<\/div>\n<\/div>\n\n\n\n<div class=\"wp-block-columns is-layout-flex wp-container-core-columns-is-layout-9d6595d7 wp-block-columns-is-layout-flex\">\n<div class=\"wp-block-column is-layout-flow wp-block-column-is-layout-flow\">\n<figure class=\"wp-block-image size-large\"><img data-recalc-dims=\"1\" decoding=\"async\" src=\"https:\/\/i0.wp.com\/isouthamerica.com\/images\/servicio-receptivo-transfer-brasil.jpg?w=1200&#038;ssl=1\" alt=\"\"\/><\/figure>\n<\/div>\n\n\n\n<div class=\"wp-block-column is-layout-flow wp-block-column-is-layout-flow\">\n<figure class=\"wp-block-image size-large\"><img data-recalc-dims=\"1\" decoding=\"async\" src=\"https:\/\/i0.wp.com\/isouthamerica.com\/images\/moitoreo-vuelos-aeropuerto-brasil.jpg?w=1200&#038;ssl=1\" alt=\"\"\/><\/figure>\n<\/div>\n\n\n\n<div class=\"wp-block-column is-layout-flow wp-block-column-is-layout-flow\">\n<figure class=\"wp-block-image size-large\"><img data-recalc-dims=\"1\" decoding=\"async\" src=\"https:\/\/i0.wp.com\/isouthamerica.com\/images\/tarifas-fijas-transfer-brasil.jpg?w=1200&#038;ssl=1\" alt=\"\"\/><\/figure>\n<\/div>\n<\/div>\n\n\n\n<div class=\"wp-block-columns is-layout-flex wp-container-core-columns-is-layout-9d6595d7 wp-block-columns-is-layout-flex\">\n<div class=\"wp-block-column is-layout-flow wp-block-column-is-layout-flow\">\n<figure class=\"wp-block-image size-full\"><img data-recalc-dims=\"1\" loading=\"lazy\" decoding=\"async\" width=\"768\" height=\"439\" src=\"https:\/\/i0.wp.com\/isouthamerica.com\/es\/wp-content\/uploads\/2024\/11\/image-14.png?resize=768%2C439&#038;ssl=1\" alt=\"\" class=\"wp-image-1129\" srcset=\"https:\/\/i0.wp.com\/isouthamerica.com\/es\/wp-content\/uploads\/2024\/11\/image-14.png?w=768&amp;ssl=1 768w, https:\/\/i0.wp.com\/isouthamerica.com\/es\/wp-content\/uploads\/2024\/11\/image-14.png?resize=300%2C171&amp;ssl=1 300w\" sizes=\"auto, (max-width: 768px) 100vw, 768px\" \/><\/figure>\n<\/div>\n\n\n\n<div class=\"wp-block-column is-layout-flow wp-block-column-is-layout-flow\">\n<figure class=\"wp-block-image size-full\"><img data-recalc-dims=\"1\" loading=\"lazy\" decoding=\"async\" width=\"768\" height=\"439\" src=\"https:\/\/i0.wp.com\/isouthamerica.com\/es\/wp-content\/uploads\/2024\/11\/image-15.png?resize=768%2C439&#038;ssl=1\" alt=\"\" class=\"wp-image-1130\" srcset=\"https:\/\/i0.wp.com\/isouthamerica.com\/es\/wp-content\/uploads\/2024\/11\/image-15.png?w=768&amp;ssl=1 768w, https:\/\/i0.wp.com\/isouthamerica.com\/es\/wp-content\/uploads\/2024\/11\/image-15.png?resize=300%2C171&amp;ssl=1 300w\" sizes=\"auto, (max-width: 768px) 100vw, 768px\" \/><\/figure>\n<\/div>\n<\/div>\n\n\n\n<div class=\"wp-block-columns is-layout-flex wp-container-core-columns-is-layout-9d6595d7 wp-block-columns-is-layout-flex\">\n<div class=\"wp-block-column is-layout-flow wp-block-column-is-layout-flow\">\n<h3 class=\"wp-block-heading\"><strong>Transfer desde\/hacia:<\/strong><\/h3>\n\n\n\n<ul class=\"wp-block-list\">\n<li class=\"\">Hoteles en Rio de Janeiro<\/li>\n\n\n\n<li class=\"\">Puerto Cruceros (Pier Maua)<\/li>\n\n\n\n<li class=\"\"><a href=\"https:\/\/isouthamerica.com\/es\/transfer-rio-buzios-aeropuerto-rio-de-janeiro\/\">Transfer Rio \u2013 Buzios<\/a><\/li>\n\n\n\n<li class=\"\"><a href=\"https:\/\/isouthamerica.com\/es\/transfer-rio-arraial-do-cabo-traslados-rio-de-janeiro\/\">Transfer Rio \u2013 Arrial do Cabo<\/a><\/li>\n\n\n\n<li class=\"\"><a href=\"https:\/\/isouthamerica.com\/es\/transfer-rio-de-janeiro-cabo-frio\/\">Transfer Rio \u2013 Cabo Frio<\/a><\/li>\n\n\n\n<li class=\"\"><a href=\"https:\/\/isouthamerica.com\/es\/transfer-rio-de-janeiro-ilha-grande\/\">Transfer Rio \u2013 Ilha Grande<\/a><\/li>\n\n\n\n<li class=\"\"><a href=\"https:\/\/www.airporttransfersrio.com\/es\/transfer-rio-de-janeiro-angra-dos-reis.htm\">Transfer Rio \u2013 Angra dos Reis<\/a><\/li>\n\n\n\n<li class=\"\"><a href=\"https:\/\/www.airporttransfersrio.com\/es\/transfer-rio-de-janeiro-paraty.htm\">Transfer Rio \u2013 Paraty<\/a><\/li>\n<\/ul>\n<\/div>\n\n\n\n<div class=\"wp-block-column is-layout-flow wp-block-column-is-layout-flow\">\n<h3 class=\"wp-block-heading\"><strong>Nuestros Servicios:<\/strong><\/h3>\n\n\n\n<ul class=\"wp-block-list\">\n<li class=\"\">Receptivo Aeropuerto GIG\/SDU<\/li>\n\n\n\n<li class=\"\">Disponible 24 horas al d\u00eda<\/li>\n\n\n\n<li class=\"\">Transporte puerta-puerta<\/li>\n\n\n\n<li class=\"\">Tarifa fija, sin cargos en arribo<\/li>\n\n\n\n<li class=\"\">Veh\u00edculos ejecutivos<\/li>\n\n\n\n<li class=\"\">Atenci\u00f3n en Espa\u00f1ol<\/li>\n\n\n\n<li class=\"\">Rio de Janeiro City Tour<\/li>\n\n\n\n<li class=\"\">Viaje por el dia desde Rio<\/li>\n<\/ul>\n<\/div>\n\n\n\n<div class=\"wp-block-column is-layout-flow wp-block-column-is-layout-flow\">\n<h3 class=\"wp-block-heading\"><strong>Soluci\u00f3n a Pedido:<\/strong><\/h3>\n\n\n\n<ul class=\"wp-block-list\">\n<li class=\"\">Chofer por hora<\/li>\n\n\n\n<li class=\"\">City Tour Privado<\/li>\n\n\n\n<li class=\"\">Alquiler de Buses y VANS<\/li>\n\n\n\n<li class=\"\">Atenci\u00f3n a eventos<\/li>\n\n\n\n<li class=\"\">Gu\u00edas privados<\/li>\n\n\n\n<li class=\"\">Veh\u00edculos de Lujo<\/li>\n\n\n\n<li class=\"\">Veh\u00edculos blindados<\/li>\n\n\n\n<li class=\"\">Interpretes en Ingles<\/li>\n<\/ul>\n<\/div>\n<\/div>\n\n\n\n<div class=\"wp-block-columns is-layout-flex wp-container-core-columns-is-layout-9d6595d7 wp-block-columns-is-layout-flex\">\n<div class=\"wp-block-column is-layout-flow wp-block-column-is-layout-flow\">\n<figure class=\"wp-block-image size-full\"><img data-recalc-dims=\"1\" loading=\"lazy\" decoding=\"async\" width=\"600\" height=\"130\" src=\"https:\/\/i0.wp.com\/isouthamerica.com\/es\/wp-content\/uploads\/2024\/05\/val1.jpg?resize=600%2C130&#038;ssl=1\" alt=\"\" class=\"wp-image-548\" srcset=\"https:\/\/i0.wp.com\/isouthamerica.com\/es\/wp-content\/uploads\/2024\/05\/val1.jpg?w=600&amp;ssl=1 600w, https:\/\/i0.wp.com\/isouthamerica.com\/es\/wp-content\/uploads\/2024\/05\/val1.jpg?resize=300%2C65&amp;ssl=1 300w\" sizes=\"auto, (max-width: 600px) 100vw, 600px\" \/><\/figure>\n<\/div>\n\n\n\n<div class=\"wp-block-column is-layout-flow wp-block-column-is-layout-flow\">\n<figure class=\"wp-block-image size-full\"><img data-recalc-dims=\"1\" loading=\"lazy\" decoding=\"async\" width=\"600\" height=\"130\" src=\"https:\/\/i0.wp.com\/isouthamerica.com\/es\/wp-content\/uploads\/2024\/05\/val2.jpg?resize=600%2C130&#038;ssl=1\" alt=\"\" class=\"wp-image-549\" srcset=\"https:\/\/i0.wp.com\/isouthamerica.com\/es\/wp-content\/uploads\/2024\/05\/val2.jpg?w=600&amp;ssl=1 600w, https:\/\/i0.wp.com\/isouthamerica.com\/es\/wp-content\/uploads\/2024\/05\/val2.jpg?resize=300%2C65&amp;ssl=1 300w\" sizes=\"auto, (max-width: 600px) 100vw, 600px\" \/><\/figure>\n<\/div>\n<\/div>\n\n\n\n<div class=\"wp-block-columns is-layout-flex wp-container-core-columns-is-layout-9d6595d7 wp-block-columns-is-layout-flex\">\n<div class=\"wp-block-column is-layout-flow wp-block-column-is-layout-flow\">\n<figure class=\"wp-block-image size-large\"><img data-recalc-dims=\"1\" loading=\"lazy\" decoding=\"async\" width=\"1024\" height=\"445\" src=\"https:\/\/i0.wp.com\/isouthamerica.com\/es\/wp-content\/uploads\/2024\/11\/image-16.png?resize=1024%2C445&#038;ssl=1\" alt=\"Transfer Aeropuerto Rio de Janeiro\" class=\"wp-image-1131\" srcset=\"https:\/\/i0.wp.com\/isouthamerica.com\/es\/wp-content\/uploads\/2024\/11\/image-16.png?resize=1024%2C445&amp;ssl=1 1024w, https:\/\/i0.wp.com\/isouthamerica.com\/es\/wp-content\/uploads\/2024\/11\/image-16.png?resize=300%2C130&amp;ssl=1 300w, https:\/\/i0.wp.com\/isouthamerica.com\/es\/wp-content\/uploads\/2024\/11\/image-16.png?resize=768%2C334&amp;ssl=1 768w, https:\/\/i0.wp.com\/isouthamerica.com\/es\/wp-content\/uploads\/2024\/11\/image-16.png?w=1280&amp;ssl=1 1280w\" sizes=\"auto, (max-width: 1024px) 100vw, 1024px\" \/><\/figure>\n<\/div>\n\n\n\n<div class=\"wp-block-column is-layout-flow wp-block-column-is-layout-flow\">\n<figure class=\"wp-block-image size-full\"><a href=\"#reservar\"><img data-recalc-dims=\"1\" loading=\"lazy\" decoding=\"async\" width=\"768\" height=\"334\" src=\"https:\/\/i0.wp.com\/isouthamerica.com\/es\/wp-content\/uploads\/2024\/11\/image-17.png?resize=768%2C334&#038;ssl=1\" alt=\"\" class=\"wp-image-1132\" srcset=\"https:\/\/i0.wp.com\/isouthamerica.com\/es\/wp-content\/uploads\/2024\/11\/image-17.png?w=768&amp;ssl=1 768w, https:\/\/i0.wp.com\/isouthamerica.com\/es\/wp-content\/uploads\/2024\/11\/image-17.png?resize=300%2C130&amp;ssl=1 300w\" sizes=\"auto, (max-width: 768px) 100vw, 768px\" \/><\/a><\/figure>\n<\/div>\n<\/div>\n\n\n\n<hr class=\"wp-block-separator has-alpha-channel-opacity\"\/>\n\n\n\n<h2 class=\"wp-block-heading has-text-align-center\"><strong>Transfers Aeropuerto Rio de Janeiro<\/strong><\/h2>\n\n\n\n<p class=\"has-text-align-center\">Preguntas frecuentes<\/p>\n\n\n\n<ul class=\"wp-block-list\">\n<li class=\"\"><strong>\u00bfPuedo utilizar este servicio para ir a la ciudad vecina de R\u00edo de Janeiro?<\/strong>&nbsp;S\u00ed, podemos proporcionar traslados a&nbsp;Buzios,&nbsp;Cabo Frio,&nbsp;<a href=\"https:\/\/airporttransfersrio.com\/es\/transfer-rio-cabo-frio-arraial-do-cabo.htm\">Arraial do Cabo<\/a>, Angra dos Reis,&nbsp;<a href=\"https:\/\/airporttransfersrio.com\/es\/transfer-rio-ilha-grande.htm\">Ilha Grande<\/a>, Club Med Rio das Pedras, Paraty, Petropolis, Niteroi, Macae y m\u00e1s.<\/li>\n\n\n\n<li class=\"\"><strong>\u00bfC\u00f3mo encuentro al chofer en el aeropuerto?<\/strong>&nbsp;El conductor lo estar\u00e1 esperando con un letrero exhibiendo con su nombre. Estar\u00e1 en el hall de arribos, justo despu\u00e9s de pasar por la aduana, muy f\u00e1cil de encontrar.<\/li>\n\n\n\n<li class=\"\"><strong>\u00bfQu\u00e9 sucede si hay un retraso en mi vuelo?<\/strong>&nbsp;Realizaremos un seguimiento online del estado de su vuelo, si hay un retraso, el conductor esperar\u00e1. Si pierde su avi\u00f3n y aborda un nuevo vuelo con un n\u00famero diferente, cont\u00e1ctenos.<\/li>\n\n\n\n<li class=\"\"><strong>Cuando me dirijo al&nbsp;Aeropuerto de Rio de Janeiro. \u00bfA qu\u00e9 hora me recoger\u00e1 el conductor?<\/strong>&nbsp;Usted podr\u00e1 decidir su horario de preferencia al realizar su reserva. Recomendamos m\u00ednimos no menor a 3 o 4 horas antes de la salida de su vuelo dependiendo si se trata de un vuelo local o internacional.<\/li>\n\n\n\n<li class=\"\"><strong>\u00bfCu\u00e1nto tiempo se tarda en ir de un aeropuerto a otro?<\/strong>&nbsp;El trayecto entre los 2 aeropuertos dura alrededor de 1 hora en coche. Sugerimos un m\u00ednimo de 3 horas entre vuelos para la conexi\u00f3n entre aeropuertos.<\/li>\n\n\n\n<li class=\"\"><strong>\u00bfPuedo utilizar este servicio para ir cualquier lugar de la ciudad de Rio de Janeiro?<\/strong>&nbsp;Si, al tratarse de un servicio privado, podemos realizar traslados puerta-a-puerta a cualquier punto de la ciudad. Los barrios mas frecuentados por turistas son Santa Teresa, City center, Lapa, Botafogo, Copacabana, Ipanema, Leme, Leblon, Barra da Tijuca, Recreio dos Bandeirantes, Flamengo, Gloria, Maracana entre otros.<\/li>\n<\/ul>\n\n\n\n<div class=\"wp-block-columns is-layout-flex wp-container-core-columns-is-layout-9d6595d7 wp-block-columns-is-layout-flex\">\n<div class=\"wp-block-column is-layout-flow wp-block-column-is-layout-flow\"><\/div>\n\n\n\n<div class=\"wp-block-column is-layout-flow wp-block-column-is-layout-flow\"><\/div>\n<\/div>\n","protected":false},"excerpt":{"rendered":"<p>Transfer desde\/hacia: Nuestros Servicios: Soluci\u00f3n a Pedido: Transfers Aeropuerto Rio de Janeiro Preguntas frecuentes<\/p>\n","protected":false},"author":1,"featured_media":0,"parent":0,"menu_order":0,"comment_status":"closed","ping_status":"closed","template":"","meta":{"footnotes":""},"class_list":["post-6","page","type-page","status-publish"],"yoast_head":"<!-- This site is optimized with the Yoast SEO plugin v27.4 - https:\/\/yoast.com\/product\/yoast-seo-wordpress\/ -->\n<title>Traslados Aeropuerto Rio de Janeiro - GIG Galeao y SDU<\/title>\n<meta name=\"description\" content=\"Traslados Aeropuerto Rio de Janeiro. Gaelao (GIG) y Santos Dumont (SDU). Servicio Puerta-Puerta. Choferes profesionales. Sedan, VANS, Minibus\" \/>\n<meta name=\"robots\" content=\"index, follow, max-snippet:-1, max-image-preview:large, max-video-preview:-1\" \/>\n<link rel=\"canonical\" href=\"https:\/\/isouthamerica.com\/es\/traslados-aeropuerto-rio-de-janeiro\/\" \/>\n<meta property=\"og:locale\" content=\"es_ES\" \/>\n<meta property=\"og:type\" content=\"article\" \/>\n<meta property=\"og:title\" content=\"Traslados Aeropuerto Rio de Janeiro - GIG Galeao y SDU\" \/>\n<meta property=\"og:description\" content=\"Traslados Aeropuerto Rio de Janeiro. Gaelao (GIG) y Santos Dumont (SDU). Servicio Puerta-Puerta. Choferes profesionales. Sedan, VANS, Minibus\" \/>\n<meta property=\"og:url\" content=\"https:\/\/isouthamerica.com\/es\/traslados-aeropuerto-rio-de-janeiro\/\" \/>\n<meta property=\"og:site_name\" content=\"iSouthAmerica.com\" \/>\n<meta property=\"article:modified_time\" content=\"2025-06-16T18:03:01+00:00\" \/>\n<meta property=\"og:image\" content=\"https:\/\/isouthamerica.com\/es\/wp-content\/uploads\/2025\/06\/rio-de-janeiro-1024x683.jpg\" \/>\n<meta name=\"twitter:card\" content=\"summary_large_image\" \/>\n<meta name=\"twitter:label1\" content=\"Tiempo de lectura\" \/>\n\t<meta name=\"twitter:data1\" content=\"5 minutos\" \/>\n<script type=\"application\/ld+json\" class=\"yoast-schema-graph\">{\"@context\":\"https:\\\/\\\/schema.org\",\"@graph\":[{\"@type\":\"WebPage\",\"@id\":\"https:\\\/\\\/isouthamerica.com\\\/es\\\/traslados-aeropuerto-rio-de-janeiro\\\/\",\"url\":\"https:\\\/\\\/isouthamerica.com\\\/es\\\/traslados-aeropuerto-rio-de-janeiro\\\/\",\"name\":\"Traslados Aeropuerto Rio de Janeiro - GIG Galeao y SDU\",\"isPartOf\":{\"@id\":\"https:\\\/\\\/isouthamerica.com\\\/es\\\/#website\"},\"primaryImageOfPage\":{\"@id\":\"https:\\\/\\\/isouthamerica.com\\\/es\\\/traslados-aeropuerto-rio-de-janeiro\\\/#primaryimage\"},\"image\":{\"@id\":\"https:\\\/\\\/isouthamerica.com\\\/es\\\/traslados-aeropuerto-rio-de-janeiro\\\/#primaryimage\"},\"thumbnailUrl\":\"https:\\\/\\\/isouthamerica.com\\\/es\\\/wp-content\\\/uploads\\\/2025\\\/06\\\/rio-de-janeiro-1024x683.jpg\",\"datePublished\":\"2020-11-09T13:53:09+00:00\",\"dateModified\":\"2025-06-16T18:03:01+00:00\",\"description\":\"Traslados Aeropuerto Rio de Janeiro. Gaelao (GIG) y Santos Dumont (SDU). Servicio Puerta-Puerta. Choferes profesionales. Sedan, VANS, Minibus\",\"inLanguage\":\"es\",\"potentialAction\":[{\"@type\":\"ReadAction\",\"target\":[\"https:\\\/\\\/isouthamerica.com\\\/es\\\/traslados-aeropuerto-rio-de-janeiro\\\/\"]}]},{\"@type\":\"ImageObject\",\"inLanguage\":\"es\",\"@id\":\"https:\\\/\\\/isouthamerica.com\\\/es\\\/traslados-aeropuerto-rio-de-janeiro\\\/#primaryimage\",\"url\":\"https:\\\/\\\/i0.wp.com\\\/isouthamerica.com\\\/es\\\/wp-content\\\/uploads\\\/2025\\\/06\\\/rio-de-janeiro.jpg?fit=2560%2C1707&ssl=1\",\"contentUrl\":\"https:\\\/\\\/i0.wp.com\\\/isouthamerica.com\\\/es\\\/wp-content\\\/uploads\\\/2025\\\/06\\\/rio-de-janeiro.jpg?fit=2560%2C1707&ssl=1\",\"width\":2560,\"height\":1707,\"caption\":\"default\"},{\"@type\":\"WebSite\",\"@id\":\"https:\\\/\\\/isouthamerica.com\\\/es\\\/#website\",\"url\":\"https:\\\/\\\/isouthamerica.com\\\/es\\\/\",\"name\":\"iSouthAmerica.com\",\"description\":\"Transfers &amp; Tours en Brasil\",\"publisher\":{\"@id\":\"https:\\\/\\\/isouthamerica.com\\\/es\\\/#organization\"},\"potentialAction\":[{\"@type\":\"SearchAction\",\"target\":{\"@type\":\"EntryPoint\",\"urlTemplate\":\"https:\\\/\\\/isouthamerica.com\\\/es\\\/?s={search_term_string}\"},\"query-input\":{\"@type\":\"PropertyValueSpecification\",\"valueRequired\":true,\"valueName\":\"search_term_string\"}}],\"inLanguage\":\"es\"},{\"@type\":\"Organization\",\"@id\":\"https:\\\/\\\/isouthamerica.com\\\/es\\\/#organization\",\"name\":\"iSouthAmerica.com\",\"url\":\"https:\\\/\\\/isouthamerica.com\\\/es\\\/\",\"logo\":{\"@type\":\"ImageObject\",\"inLanguage\":\"es\",\"@id\":\"https:\\\/\\\/isouthamerica.com\\\/es\\\/#\\\/schema\\\/logo\\\/image\\\/\",\"url\":\"https:\\\/\\\/i0.wp.com\\\/isouthamerica.com\\\/es\\\/wp-content\\\/uploads\\\/2024\\\/05\\\/cropped-cropped-isa-home0-2.jpg?fit=955%2C231&ssl=1\",\"contentUrl\":\"https:\\\/\\\/i0.wp.com\\\/isouthamerica.com\\\/es\\\/wp-content\\\/uploads\\\/2024\\\/05\\\/cropped-cropped-isa-home0-2.jpg?fit=955%2C231&ssl=1\",\"width\":955,\"height\":231,\"caption\":\"iSouthAmerica.com\"},\"image\":{\"@id\":\"https:\\\/\\\/isouthamerica.com\\\/es\\\/#\\\/schema\\\/logo\\\/image\\\/\"}}]}<\/script>\n<!-- \/ Yoast SEO plugin. -->","yoast_head_json":{"title":"Traslados Aeropuerto Rio de Janeiro - GIG Galeao y SDU","description":"Traslados Aeropuerto Rio de Janeiro. Gaelao (GIG) y Santos Dumont (SDU). Servicio Puerta-Puerta. Choferes profesionales. Sedan, VANS, Minibus","robots":{"index":"index","follow":"follow","max-snippet":"max-snippet:-1","max-image-preview":"max-image-preview:large","max-video-preview":"max-video-preview:-1"},"canonical":"https:\/\/isouthamerica.com\/es\/traslados-aeropuerto-rio-de-janeiro\/","og_locale":"es_ES","og_type":"article","og_title":"Traslados Aeropuerto Rio de Janeiro - GIG Galeao y SDU","og_description":"Traslados Aeropuerto Rio de Janeiro. Gaelao (GIG) y Santos Dumont (SDU). Servicio Puerta-Puerta. Choferes profesionales. Sedan, VANS, Minibus","og_url":"https:\/\/isouthamerica.com\/es\/traslados-aeropuerto-rio-de-janeiro\/","og_site_name":"iSouthAmerica.com","article_modified_time":"2025-06-16T18:03:01+00:00","og_image":[{"url":"https:\/\/isouthamerica.com\/es\/wp-content\/uploads\/2025\/06\/rio-de-janeiro-1024x683.jpg","type":"","width":"","height":""}],"twitter_card":"summary_large_image","twitter_misc":{"Tiempo de lectura":"5 minutos"},"schema":{"@context":"https:\/\/schema.org","@graph":[{"@type":"WebPage","@id":"https:\/\/isouthamerica.com\/es\/traslados-aeropuerto-rio-de-janeiro\/","url":"https:\/\/isouthamerica.com\/es\/traslados-aeropuerto-rio-de-janeiro\/","name":"Traslados Aeropuerto Rio de Janeiro - GIG Galeao y SDU","isPartOf":{"@id":"https:\/\/isouthamerica.com\/es\/#website"},"primaryImageOfPage":{"@id":"https:\/\/isouthamerica.com\/es\/traslados-aeropuerto-rio-de-janeiro\/#primaryimage"},"image":{"@id":"https:\/\/isouthamerica.com\/es\/traslados-aeropuerto-rio-de-janeiro\/#primaryimage"},"thumbnailUrl":"https:\/\/isouthamerica.com\/es\/wp-content\/uploads\/2025\/06\/rio-de-janeiro-1024x683.jpg","datePublished":"2020-11-09T13:53:09+00:00","dateModified":"2025-06-16T18:03:01+00:00","description":"Traslados Aeropuerto Rio de Janeiro. Gaelao (GIG) y Santos Dumont (SDU). Servicio Puerta-Puerta. Choferes profesionales. Sedan, VANS, Minibus","inLanguage":"es","potentialAction":[{"@type":"ReadAction","target":["https:\/\/isouthamerica.com\/es\/traslados-aeropuerto-rio-de-janeiro\/"]}]},{"@type":"ImageObject","inLanguage":"es","@id":"https:\/\/isouthamerica.com\/es\/traslados-aeropuerto-rio-de-janeiro\/#primaryimage","url":"https:\/\/i0.wp.com\/isouthamerica.com\/es\/wp-content\/uploads\/2025\/06\/rio-de-janeiro.jpg?fit=2560%2C1707&ssl=1","contentUrl":"https:\/\/i0.wp.com\/isouthamerica.com\/es\/wp-content\/uploads\/2025\/06\/rio-de-janeiro.jpg?fit=2560%2C1707&ssl=1","width":2560,"height":1707,"caption":"default"},{"@type":"WebSite","@id":"https:\/\/isouthamerica.com\/es\/#website","url":"https:\/\/isouthamerica.com\/es\/","name":"iSouthAmerica.com","description":"Transfers &amp; Tours en Brasil","publisher":{"@id":"https:\/\/isouthamerica.com\/es\/#organization"},"potentialAction":[{"@type":"SearchAction","target":{"@type":"EntryPoint","urlTemplate":"https:\/\/isouthamerica.com\/es\/?s={search_term_string}"},"query-input":{"@type":"PropertyValueSpecification","valueRequired":true,"valueName":"search_term_string"}}],"inLanguage":"es"},{"@type":"Organization","@id":"https:\/\/isouthamerica.com\/es\/#organization","name":"iSouthAmerica.com","url":"https:\/\/isouthamerica.com\/es\/","logo":{"@type":"ImageObject","inLanguage":"es","@id":"https:\/\/isouthamerica.com\/es\/#\/schema\/logo\/image\/","url":"https:\/\/i0.wp.com\/isouthamerica.com\/es\/wp-content\/uploads\/2024\/05\/cropped-cropped-isa-home0-2.jpg?fit=955%2C231&ssl=1","contentUrl":"https:\/\/i0.wp.com\/isouthamerica.com\/es\/wp-content\/uploads\/2024\/05\/cropped-cropped-isa-home0-2.jpg?fit=955%2C231&ssl=1","width":955,"height":231,"caption":"iSouthAmerica.com"},"image":{"@id":"https:\/\/isouthamerica.com\/es\/#\/schema\/logo\/image\/"}}]}},"jetpack_sharing_enabled":true,"_links":{"self":[{"href":"https:\/\/isouthamerica.com\/es\/wp-json\/wp\/v2\/pages\/6","targetHints":{"allow":["GET"]}}],"collection":[{"href":"https:\/\/isouthamerica.com\/es\/wp-json\/wp\/v2\/pages"}],"about":[{"href":"https:\/\/isouthamerica.com\/es\/wp-json\/wp\/v2\/types\/page"}],"author":[{"embeddable":true,"href":"https:\/\/isouthamerica.com\/es\/wp-json\/wp\/v2\/users\/1"}],"replies":[{"embeddable":true,"href":"https:\/\/isouthamerica.com\/es\/wp-json\/wp\/v2\/comments?post=6"}],"version-history":[{"count":5,"href":"https:\/\/isouthamerica.com\/es\/wp-json\/wp\/v2\/pages\/6\/revisions"}],"predecessor-version":[{"id":1809,"href":"https:\/\/isouthamerica.com\/es\/wp-json\/wp\/v2\/pages\/6\/revisions\/1809"}],"wp:attachment":[{"href":"https:\/\/isouthamerica.com\/es\/wp-json\/wp\/v2\/media?parent=6"}],"curies":[{"name":"wp","href":"https:\/\/api.w.org\/{rel}","templated":true}]}}